{"id":947,"date":"2024-01-30T16:23:49","date_gmt":"2024-01-30T16:23:49","guid":{"rendered":"https:\/\/www.parrocchiamontelupone.it\/?page_id=947"},"modified":"2026-04-26T07:29:15","modified_gmt":"2026-04-26T07:29:15","slug":"san-firmano","status":"publish","type":"page","link":"https:\/\/www.parrocchiamontelupone.it\/?page_id=947","title":{"rendered":"Parrocchia  di SAN FIRMANO Montelupone"},"content":{"rendered":"\t\t<div data-elementor-type=\"wp-page\" data-elementor-id=\"947\" class=\"elementor elementor-947\">\n\t\t\t\t<div class=\"elementor-element elementor-element-7f59cad e-con-full e-flex e-con e-parent\" data-id=\"7f59cad\" data-element_type=\"container\" data-e-type=\"container\">\n\t\t\t\t<div class=\"elementor-element elementor-element-1bb5d5a elementor-widget elementor-widget-image\" data-id=\"1bb5d5a\" data-element_type=\"widget\" data-e-type=\"widget\" data-widget_type=\"image.default\">\n\t\t\t\t<div class=\"elementor-widget-container\">\n\t\t\t\t\t\t\t\t\t\t\t\t\t\t\t\t<a href=\"https:\/\/www.parrocchiamontelupone.it\/?page_id=211\">\n\t\t\t\t\t\t\t<img fetchpriority=\"high\" decoding=\"async\" width=\"720\" height=\"142\" src=\"https:\/\/www.parrocchiamontelupone.it\/wp-content\/uploads\/2026\/04\/maggio-1.jpg\" class=\"attachment-large size-large wp-image-4298\" alt=\"\" srcset=\"https:\/\/www.parrocchiamontelupone.it\/wp-content\/uploads\/2026\/04\/maggio-1.jpg 768w, https:\/\/www.parrocchiamontelupone.it\/wp-content\/uploads\/2026\/04\/maggio-1-300x59.jpg 300w\" sizes=\"(max-width: 720px) 100vw, 720px\" \/>\t\t\t\t\t\t\t\t<\/a>\n\t\t\t\t\t\t\t\t\t\t\t\t\t\t\t<\/div>\n\t\t\t\t<\/div>\n\t\t\t\t<\/div>\n\t\t<div class=\"elementor-element elementor-element-31682ec e-flex e-con-boxed e-con e-parent\" data-id=\"31682ec\" data-element_type=\"container\" data-e-type=\"container\">\n\t\t\t\t\t<div class=\"e-con-inner\">\n\t\t<div class=\"elementor-element elementor-element-144bd3c e-con-full e-flex e-con e-child\" data-id=\"144bd3c\" data-element_type=\"container\" data-e-type=\"container\">\n\t\t\t\t<div class=\"elementor-element elementor-element-7aeb530 elementor-align-center elementor-widget elementor-widget-button\" data-id=\"7aeb530\" data-element_type=\"widget\" data-e-type=\"widget\" data-widget_type=\"button.default\">\n\t\t\t\t<div class=\"elementor-widget-container\">\n\t\t\t\t\t\t\t\t\t<div class=\"elementor-button-wrapper\">\n\t\t\t\t\t<a class=\"elementor-button elementor-button-link elementor-size-sm\" href=\"https:\/\/diocesimacerata.it\/2026\/03\/09\/premio-san-firmano-a-simone-longhi\/\">\n\t\t\t\t\t\t<span class=\"elementor-button-content-wrapper\">\n\t\t\t\t\t\t\t\t\t<span class=\"elementor-button-text\">Premio San Firmano a Simone Longhi<\/span>\n\t\t\t\t\t<\/span>\n\t\t\t\t\t<\/a>\n\t\t\t\t<\/div>\n\t\t\t\t\t\t\t\t<\/div>\n\t\t\t\t<\/div>\n\t\t\t\t<\/div>\n\t\t<div class=\"elementor-element elementor-element-c245623 e-con-full e-flex e-con e-child\" data-id=\"c245623\" data-element_type=\"container\" data-e-type=\"container\">\n\t\t\t\t<div class=\"elementor-element elementor-element-cfc2790 elementor-align-center elementor-widget elementor-widget-button\" data-id=\"cfc2790\" data-element_type=\"widget\" data-e-type=\"widget\" data-widget_type=\"button.default\">\n\t\t\t\t<div class=\"elementor-widget-container\">\n\t\t\t\t\t\t\t\t\t<div class=\"elementor-button-wrapper\">\n\t\t\t\t\t<a class=\"elementor-button elementor-button-link elementor-size-sm\" href=\"https:\/\/diocesimacerata.it\/2026\/03\/11\/abbazia-e-rifugio-del-pellegrino-doppia-inaugurazione-a-san-firmano\/\">\n\t\t\t\t\t\t<span class=\"elementor-button-content-wrapper\">\n\t\t\t\t\t\t\t\t\t<span class=\"elementor-button-text\"> Abbazia e Rifugio del Pellegrino<\/span>\n\t\t\t\t\t<\/span>\n\t\t\t\t\t<\/a>\n\t\t\t\t<\/div>\n\t\t\t\t\t\t\t\t<\/div>\n\t\t\t\t<\/div>\n\t\t\t\t<\/div>\n\t\t\t\t\t<\/div>\n\t\t\t\t<\/div>\n\t\t<div class=\"elementor-element elementor-element-93ea006 e-con-full e-flex e-con e-parent\" data-id=\"93ea006\" data-element_type=\"container\" data-e-type=\"container\">\n\t\t\t\t<div class=\"elementor-element elementor-element-3369aa1 elementor-widget__width-initial elementor-widget elementor-widget-text-editor\" data-id=\"3369aa1\" data-element_type=\"widget\" data-e-type=\"widget\" data-widget_type=\"text-editor.default\">\n\t\t\t\t<div class=\"elementor-widget-container\">\n\t\t\t\t\t\t\t\t\t<h3><span style=\"color: #800000;\"><strong>\u00a0 PARROCCHIA\u00a0<\/strong><\/span><\/h3><h3><span style=\"color: #800000;\"><strong>\u00a0 DI SAN FIRMANO<\/strong><\/span><\/h3><p><strong style=\"font-size: 1rem; font-family: var( --e-global-typography-text-font-family ), Sans-serif; text-align: var(--text-align); color: #800000;\">\u00a0 \u00a0Parroco: Don Giacomo Ippolito<\/strong><\/p><p><span style=\"color: #800000;\"><strong>\u00a0 \u00a0Viceparroco: Don Dario Tondello<\/strong><\/span><\/p><p><span style=\"color: #800000;\"><strong>\u00a0<\/strong><\/span><\/p><p><span style=\"color: #800000;\"><strong>\u00a0<\/strong><\/span><\/p><p><strong style=\"text-align: var(--text-align); color: #800000; font-family: Barlow; font-size: 1.5rem;\">\u00a0 \u00a0Domenica:\u00a0<\/strong><\/p><p><strong style=\"text-align: var(--text-align); color: #800000; font-family: Barlow; font-size: 1.5rem;\">\u00a0 \u00a0Santa Messa<\/strong><\/p><p><strong style=\"text-align: var(--text-align); color: #800000; font-family: Barlow; font-size: 1.5rem;\">\u00a0 \u00a0alle ore 10,15<\/strong><\/p><div class=\"pm_om_p_periodo\"><span style=\"color: #800000;\"><strong>\u00a0<\/strong><\/span><strong style=\"color: #800000;\">\u00a0<\/strong><br \/><span style=\"color: #800000;\"><b><br \/><\/b><\/span><strong style=\"color: #800000;\">\u00a0 \u00a0Festa del Patrono<\/strong><br \/><strong style=\"color: #800000;\">\u00a0 \u00a0di Montelupone<\/strong><\/div><div class=\"pm_om_p_cols\"><div id=\"pm_om_p_col_2\" class=\"pm_om_p_col t_1\"><div id=\"pm_om_row_1\" class=\"pm_om_row\"><div><span style=\"color: #800000;\"><strong>\u00a0 \u00a011 Marzo<\/strong><\/span><\/div><div><span style=\"color: #800000;\"><strong>\u00a0<\/strong><\/span><\/div><\/div><\/div><\/div>\t\t\t\t\t\t\t\t<\/div>\n\t\t\t\t<\/div>\n\t\t\t\t<\/div>\n\t\t<div class=\"elementor-element elementor-element-69fb4d2 e-flex e-con-boxed e-con e-parent\" data-id=\"69fb4d2\" data-element_type=\"container\" data-e-type=\"container\">\n\t\t\t\t\t<div class=\"e-con-inner\">\n\t\t\t\t<div class=\"elementor-element elementor-element-c9cd9cf elementor-widget__width-initial elementor-widget elementor-widget-image\" data-id=\"c9cd9cf\" data-element_type=\"widget\" data-e-type=\"widget\" data-widget_type=\"image.default\">\n\t\t\t\t<div class=\"elementor-widget-container\">\n\t\t\t\t\t\t\t\t\t\t\t\t\t\t\t<img decoding=\"async\" width=\"720\" height=\"900\" src=\"https:\/\/www.parrocchiamontelupone.it\/wp-content\/uploads\/2026\/03\/foto-san-firmano-819x1024.jpg\" class=\"attachment-large size-large wp-image-4245\" alt=\"\" srcset=\"https:\/\/www.parrocchiamontelupone.it\/wp-content\/uploads\/2026\/03\/foto-san-firmano-819x1024.jpg 819w, https:\/\/www.parrocchiamontelupone.it\/wp-content\/uploads\/2026\/03\/foto-san-firmano-240x300.jpg 240w, https:\/\/www.parrocchiamontelupone.it\/wp-content\/uploads\/2026\/03\/foto-san-firmano-768x960.jpg 768w, https:\/\/www.parrocchiamontelupone.it\/wp-content\/uploads\/2026\/03\/foto-san-firmano-1229x1536.jpg 1229w, https:\/\/www.parrocchiamontelupone.it\/wp-content\/uploads\/2026\/03\/foto-san-firmano.jpg 1280w\" sizes=\"(max-width: 720px) 100vw, 720px\" \/>\t\t\t\t\t\t\t\t\t\t\t\t\t\t\t<\/div>\n\t\t\t\t<\/div>\n\t\t\t\t\t<\/div>\n\t\t\t\t<\/div>\n\t\t<div class=\"elementor-element elementor-element-a5acdc9 e-flex e-con-boxed e-con e-parent\" data-id=\"a5acdc9\" data-element_type=\"container\" data-e-type=\"container\">\n\t\t\t\t\t<div class=\"e-con-inner\">\n\t\t\t\t<div class=\"elementor-element elementor-element-68a874d elementor-widget__width-initial elementor-widget elementor-widget-image\" data-id=\"68a874d\" data-element_type=\"widget\" data-e-type=\"widget\" data-widget_type=\"image.default\">\n\t\t\t\t<div class=\"elementor-widget-container\">\n\t\t\t\t\t\t\t\t\t\t\t\t\t\t\t\t<a href=\"https:\/\/discover.matterport.com\/space\/cL7jMkQ3nWo\">\n\t\t\t\t\t\t\t<img decoding=\"async\" width=\"720\" height=\"68\" src=\"https:\/\/www.parrocchiamontelupone.it\/wp-content\/uploads\/2026\/03\/ioioioioio-1.jpg\" class=\"attachment-large size-large wp-image-4266\" alt=\"\" srcset=\"https:\/\/www.parrocchiamontelupone.it\/wp-content\/uploads\/2026\/03\/ioioioioio-1.jpg 748w, https:\/\/www.parrocchiamontelupone.it\/wp-content\/uploads\/2026\/03\/ioioioioio-1-300x28.jpg 300w\" sizes=\"(max-width: 720px) 100vw, 720px\" \/>\t\t\t\t\t\t\t\t<\/a>\n\t\t\t\t\t\t\t\t\t\t\t\t\t\t\t<\/div>\n\t\t\t\t<\/div>\n\t\t\t\t\t<\/div>\n\t\t\t\t<\/div>\n\t\t<div class=\"elementor-element elementor-element-5804b75 e-con-full e-flex e-con e-parent\" data-id=\"5804b75\" data-element_type=\"container\" data-e-type=\"container\">\n\t\t\t\t<div class=\"elementor-element elementor-element-387232f elementor-widget__width-initial elementor-widget elementor-widget-image\" data-id=\"387232f\" data-element_type=\"widget\" data-e-type=\"widget\" data-widget_type=\"image.default\">\n\t\t\t\t<div class=\"elementor-widget-container\">\n\t\t\t\t\t\t\t\t\t\t\t\t\t\t\t\t<a href=\"https:\/\/www.parrocchiamontelupone.it\/labbazia\/\">\n\t\t\t\t\t\t\t<img loading=\"lazy\" decoding=\"async\" width=\"700\" height=\"331\" src=\"https:\/\/www.parrocchiamontelupone.it\/wp-content\/uploads\/2024\/01\/montelupone-cosa-vedere-1.jpg\" class=\"attachment-large size-large wp-image-959\" alt=\"\" srcset=\"https:\/\/www.parrocchiamontelupone.it\/wp-content\/uploads\/2024\/01\/montelupone-cosa-vedere-1.jpg 700w, https:\/\/www.parrocchiamontelupone.it\/wp-content\/uploads\/2024\/01\/montelupone-cosa-vedere-1-300x142.jpg 300w\" sizes=\"(max-width: 700px) 100vw, 700px\" \/>\t\t\t\t\t\t\t\t<\/a>\n\t\t\t\t\t\t\t\t\t\t\t\t\t\t\t<\/div>\n\t\t\t\t<\/div>\n\t\t\t\t<\/div>\n\t\t<div class=\"elementor-element elementor-element-7a8eca1 e-con-full e-flex e-con e-parent\" data-id=\"7a8eca1\" data-element_type=\"container\" data-e-type=\"container\">\n\t\t\t\t<div class=\"elementor-element elementor-element-7ae947f elementor-widget elementor-widget-text-editor\" data-id=\"7ae947f\" data-element_type=\"widget\" data-e-type=\"widget\" data-widget_type=\"text-editor.default\">\n\t\t\t\t<div class=\"elementor-widget-container\">\n\t\t\t\t\t\t\t\t\t<h4 data-sourcepos=\"1:1-1:43\"><span style=\"color: #000000;\">San Firmano, Patrono di Montelupone (MC)<\/span><\/h4><p data-sourcepos=\"3:1-3:204\"><span style=\"color: #000000;\"><strong>Nato probabilmente a Fermo<\/strong> intorno al 951, San Firmano divenne sacerdote all&#8217;et\u00e0 di 20 anni. In seguito\u00a0 abbracci\u00f2 la regola benedettina dedicandosi alla vita monastica. <\/span><\/p><p data-sourcepos=\"3:1-3:204\"><span style=\"color: #000000;\">Proveniente da Acquacanina, nel 986 divenne il primo abate del convento di San Firmano a Montelupone, fondato da una\u00a0 &#8220;Pia Signora&#8221; dei Conti di Lornano. Guid\u00f2 la comunit\u00e0 &#8220;con saggezza e santit\u00e0&#8221;\u00a0 fino alla sua morte l&#8217;11 marzo 992. I monaci restarono nell\u2019abbazia fino al 1468, bonificando, fra l\u2019altro, la vallata paludosa del Potenza.<\/span><\/p><p data-sourcepos=\"3:1-3:204\"><span style=\"color: #000000;\">La biografia del Santo, cui ancora oggi vengono attribuiti interventi miracolosi, \u00e8 stata scritta dall\u2019Abate Teodorico nell\u2019anno 1002.<\/span><\/p><p data-sourcepos=\"7:1-7:150\"><span style=\"color: #000000;\">Ogni anno l&#8217;11 marzo \u00a0si celebra la sua festa con solenni liturgie religiose,\u00a0 la processione delle reliquie del Santo per le vie del borgo, l&#8217;offerta da parte del Sindaco di un pallio di seta e delle candele di cera e manifestazioni civili.\u00a0<\/span><\/p><p data-sourcepos=\"11:1-11:145\"><span style=\"color: #000000;\"><strong>San Firmano \u00e8 raffigurato<\/strong> con il bastone pastorale, la mitra e il libro, simboli della sua autorit\u00e0 di abate e della sua dedizione alla fede.<\/span><\/p>\t\t\t\t\t\t\t\t<\/div>\n\t\t\t\t<\/div>\n\t\t\t\t<\/div>\n\t\t<div class=\"elementor-element elementor-element-1211d6a e-flex e-con-boxed e-con e-parent\" data-id=\"1211d6a\" data-element_type=\"container\" data-e-type=\"container\">\n\t\t\t\t\t<div class=\"e-con-inner\">\n\t\t<div class=\"elementor-element elementor-element-6132d1d e-con-full e-flex e-con e-child\" data-id=\"6132d1d\" data-element_type=\"container\" data-e-type=\"container\">\n\t\t\t\t<div class=\"elementor-element elementor-element-f39b936 elementor-widget elementor-widget-text-editor\" data-id=\"f39b936\" data-element_type=\"widget\" data-e-type=\"widget\" data-widget_type=\"text-editor.default\">\n\t\t\t\t<div class=\"elementor-widget-container\">\n\t\t\t\t\t\t\t\t\t<p style=\"text-align: right;\"><span style=\"color: #ffffff;\"><strong>Clicca per vedere le &gt;&gt;&gt;<\/strong><\/span><\/p>\t\t\t\t\t\t\t\t<\/div>\n\t\t\t\t<\/div>\n\t\t\t\t<\/div>\n\t\t<div class=\"elementor-element elementor-element-3efaf49 e-con-full e-flex e-con e-child\" data-id=\"3efaf49\" data-element_type=\"container\" data-e-type=\"container\">\n\t\t\t\t<div class=\"elementor-element elementor-element-8f92bb3 elementor-align-left elementor-widget elementor-widget-button\" data-id=\"8f92bb3\" data-element_type=\"widget\" data-e-type=\"widget\" data-widget_type=\"button.default\">\n\t\t\t\t<div class=\"elementor-widget-container\">\n\t\t\t\t\t\t\t\t\t<div class=\"elementor-button-wrapper\">\n\t\t\t\t\t<a class=\"elementor-button elementor-button-link elementor-size-sm\" href=\"https:\/\/www.parrocchiamontelupone.it\/?page_id=1138\">\n\t\t\t\t\t\t<span class=\"elementor-button-content-wrapper\">\n\t\t\t\t\t\t\t\t\t<span class=\"elementor-button-text\">FOTO DELL'ABBAZIA e DOCUMENTI<\/span>\n\t\t\t\t\t<\/span>\n\t\t\t\t\t<\/a>\n\t\t\t\t<\/div>\n\t\t\t\t\t\t\t\t<\/div>\n\t\t\t\t<\/div>\n\t\t\t\t<\/div>\n\t\t\t\t\t<\/div>\n\t\t\t\t<\/div>\n\t\t<div class=\"elementor-element elementor-element-5b4a32d e-flex e-con-boxed e-con e-parent\" data-id=\"5b4a32d\" data-element_type=\"container\" data-e-type=\"container\">\n\t\t\t\t\t<div class=\"e-con-inner\">\n\t\t\t\t<div class=\"elementor-element elementor-element-9580621 elementor-align-center elementor-widget__width-initial elementor-widget elementor-widget-button\" data-id=\"9580621\" data-element_type=\"widget\" data-e-type=\"widget\" data-settings=\"{&quot;_animation&quot;:&quot;none&quot;}\" data-widget_type=\"button.default\">\n\t\t\t\t<div class=\"elementor-widget-container\">\n\t\t\t\t\t\t\t\t\t<div class=\"elementor-button-wrapper\">\n\t\t\t\t\t<a class=\"elementor-button elementor-button-link elementor-size-sm\" href=\"https:\/\/www.parrocchiamontelupone.it\/?page_id=1342%20\">\n\t\t\t\t\t\t<span class=\"elementor-button-content-wrapper\">\n\t\t\t\t\t\t\t\t\t<span class=\"elementor-button-text\">Ricordo di  Don Armando Senigagliesi<\/span>\n\t\t\t\t\t<\/span>\n\t\t\t\t\t<\/a>\n\t\t\t\t<\/div>\n\t\t\t\t\t\t\t\t<\/div>\n\t\t\t\t<\/div>\n\t\t\t\t\t<\/div>\n\t\t\t\t<\/div>\n\t\t<div class=\"elementor-element elementor-element-0c5e64c e-flex e-con-boxed e-con e-parent\" data-id=\"0c5e64c\" data-element_type=\"container\" data-e-type=\"container\">\n\t\t\t\t\t<div class=\"e-con-inner\">\n\t\t<div class=\"elementor-element elementor-element-4407b7e e-con-full e-flex e-con e-child\" data-id=\"4407b7e\" data-element_type=\"container\" data-e-type=\"container\">\n\t\t\t\t<div class=\"elementor-element elementor-element-2cd3b80 elementor-widget elementor-widget-text-editor\" data-id=\"2cd3b80\" data-element_type=\"widget\" data-e-type=\"widget\" data-widget_type=\"text-editor.default\">\n\t\t\t\t<div class=\"elementor-widget-container\">\n\t\t\t\t\t\t\t\t\t<h4><br><\/h4>\n<h4>Don Armando Senigagliesi &#8211; Parroco dal 1964 al 2012 &#8211;&nbsp; racconta le vicende storico &#8211; artistiche dell&#8217;Abbazia&nbsp; VIDEO<\/h4>\t\t\t\t\t\t\t\t<\/div>\n\t\t\t\t<\/div>\n\t\t\t\t<\/div>\n\t\t<div class=\"elementor-element elementor-element-26cacad e-con-full e-flex e-con e-child\" data-id=\"26cacad\" data-element_type=\"container\" data-e-type=\"container\">\n\t\t\t\t<div class=\"elementor-element elementor-element-0fe3dbb elementor-widget elementor-widget-video\" data-id=\"0fe3dbb\" data-element_type=\"widget\" data-e-type=\"widget\" data-settings=\"{&quot;youtube_url&quot;:&quot;https:\\\/\\\/www.youtube.com\\\/watch?v=sCUWXcE9MsM&quot;,&quot;video_type&quot;:&quot;youtube&quot;,&quot;controls&quot;:&quot;yes&quot;}\" data-widget_type=\"video.default\">\n\t\t\t\t<div class=\"elementor-widget-container\">\n\t\t\t\t\t\t\t<div class=\"elementor-wrapper elementor-open-inline\">\n\t\t\t<div class=\"elementor-video\"><\/div>\t\t<\/div>\n\t\t\t\t\t\t<\/div>\n\t\t\t\t<\/div>\n\t\t\t\t<\/div>\n\t\t\t\t\t<\/div>\n\t\t\t\t<\/div>\n\t\t<div class=\"elementor-element elementor-element-3feedd2 e-flex e-con-boxed e-con e-parent\" data-id=\"3feedd2\" data-element_type=\"container\" data-e-type=\"container\">\n\t\t\t\t\t<div class=\"e-con-inner\">\n\t\t<div class=\"elementor-element elementor-element-9f4e794 e-con-full e-flex e-con e-child\" data-id=\"9f4e794\" data-element_type=\"container\" data-e-type=\"container\">\n\t\t\t\t<div class=\"elementor-element elementor-element-3f7d7d4 elementor-widget elementor-widget-text-editor\" data-id=\"3f7d7d4\" data-element_type=\"widget\" data-e-type=\"widget\" data-widget_type=\"text-editor.default\">\n\t\t\t\t<div class=\"elementor-widget-container\">\n\t\t\t\t\t\t\t\t\t<h4><strong>\u00a0<\/strong><\/h4><h4>\u00a0<\/h4><h4><strong>L&#8217;interno dell&#8217;Abbazia di San Firmano\u00a0 VIDEO\u00a0<\/strong><\/h4>\t\t\t\t\t\t\t\t<\/div>\n\t\t\t\t<\/div>\n\t\t\t\t<\/div>\n\t\t<div class=\"elementor-element elementor-element-9ad4ac7 e-con-full e-flex e-con e-child\" data-id=\"9ad4ac7\" data-element_type=\"container\" data-e-type=\"container\">\n\t\t\t\t<div class=\"elementor-element elementor-element-9883dc3 elementor-widget elementor-widget-video\" data-id=\"9883dc3\" data-element_type=\"widget\" data-e-type=\"widget\" data-settings=\"{&quot;youtube_url&quot;:&quot;https:\\\/\\\/www.youtube.com\\\/watch?v=JWOWMQ3uylY&quot;,&quot;video_type&quot;:&quot;youtube&quot;,&quot;controls&quot;:&quot;yes&quot;}\" data-widget_type=\"video.default\">\n\t\t\t\t<div class=\"elementor-widget-container\">\n\t\t\t\t\t\t\t<div class=\"elementor-wrapper elementor-open-inline\">\n\t\t\t<div class=\"elementor-video\"><\/div>\t\t<\/div>\n\t\t\t\t\t\t<\/div>\n\t\t\t\t<\/div>\n\t\t\t\t<\/div>\n\t\t\t\t\t<\/div>\n\t\t\t\t<\/div>\n\t\t<div class=\"elementor-element elementor-element-cdf8ddf e-flex e-con-boxed e-con e-parent\" data-id=\"cdf8ddf\" data-element_type=\"container\" data-e-type=\"container\">\n\t\t\t\t\t<div class=\"e-con-inner\">\n\t\t<div class=\"elementor-element elementor-element-4b1e52c e-con-full e-flex e-con e-child\" data-id=\"4b1e52c\" data-element_type=\"container\" data-e-type=\"container\">\n\t\t\t\t<div class=\"elementor-element elementor-element-e6b0218 elementor-widget elementor-widget-text-editor\" data-id=\"e6b0218\" data-element_type=\"widget\" data-e-type=\"widget\" data-widget_type=\"text-editor.default\">\n\t\t\t\t<div class=\"elementor-widget-container\">\n\t\t\t\t\t\t\t\t\t<h3>\u00a0<\/h3><h3 class=\"style-scope ytd-watch-metadata\">15 febbraio 1987 Abbazia di San Firmano &#8211; Montelupone MC &#8211; Santa Messa in diretta TV su RAI UNO &#8211; VIDEO<\/h3>\t\t\t\t\t\t\t\t<\/div>\n\t\t\t\t<\/div>\n\t\t\t\t<\/div>\n\t\t<div class=\"elementor-element elementor-element-894e5a1 e-con-full e-flex e-con e-child\" data-id=\"894e5a1\" data-element_type=\"container\" data-e-type=\"container\">\n\t\t\t\t<div class=\"elementor-element elementor-element-83d4a32 elementor-widget elementor-widget-video\" data-id=\"83d4a32\" data-element_type=\"widget\" data-e-type=\"widget\" data-settings=\"{&quot;youtube_url&quot;:&quot;https:\\\/\\\/www.youtube.com\\\/watch?v=YOFDitItG9M&amp;t=83s&quot;,&quot;video_type&quot;:&quot;youtube&quot;,&quot;controls&quot;:&quot;yes&quot;}\" data-widget_type=\"video.default\">\n\t\t\t\t<div class=\"elementor-widget-container\">\n\t\t\t\t\t\t\t<div class=\"elementor-wrapper elementor-open-inline\">\n\t\t\t<div class=\"elementor-video\"><\/div>\t\t<\/div>\n\t\t\t\t\t\t<\/div>\n\t\t\t\t<\/div>\n\t\t\t\t<\/div>\n\t\t\t\t\t<\/div>\n\t\t\t\t<\/div>\n\t\t<div class=\"elementor-element elementor-element-6fe449d e-flex e-con-boxed e-con e-parent\" data-id=\"6fe449d\" data-element_type=\"container\" data-e-type=\"container\">\n\t\t\t\t\t<div class=\"e-con-inner\">\n\t\t<div class=\"elementor-element elementor-element-3144b7e e-con-full e-flex e-con e-child\" data-id=\"3144b7e\" data-element_type=\"container\" data-e-type=\"container\">\n\t\t\t\t<div class=\"elementor-element elementor-element-d23aeb1 elementor-widget elementor-widget-text-editor\" data-id=\"d23aeb1\" data-element_type=\"widget\" data-e-type=\"widget\" data-widget_type=\"text-editor.default\">\n\t\t\t\t<div class=\"elementor-widget-container\">\n\t\t\t\t\t\t\t\t\t<h3>\u00a0<\/h3><h3>FESTA DI SAN FIRMANO 11 MARZO 1937<\/h3><div>\u00a0<\/div><h3>Il 30 ottobre del 1938 il Vescovo di Recanati Mons. Luigi Cossio istitu\u00ec la nuova Parrocchia di San Firmano<\/h3>\t\t\t\t\t\t\t\t<\/div>\n\t\t\t\t<\/div>\n\t\t\t\t<\/div>\n\t\t<div class=\"elementor-element elementor-element-2514738 e-con-full e-flex e-con e-child\" data-id=\"2514738\" data-element_type=\"container\" data-e-type=\"container\">\n\t\t\t\t<div class=\"elementor-element elementor-element-712bcb0 elementor-widget elementor-widget-image\" data-id=\"712bcb0\" data-element_type=\"widget\" data-e-type=\"widget\" data-widget_type=\"image.default\">\n\t\t\t\t<div class=\"elementor-widget-container\">\n\t\t\t\t\t\t\t\t\t\t\t\t\t\t\t<img loading=\"lazy\" decoding=\"async\" width=\"600\" height=\"400\" src=\"https:\/\/www.parrocchiamontelupone.it\/wp-content\/uploads\/2024\/02\/page-s-f.jpg\" class=\"attachment-large size-large wp-image-1073\" alt=\"\" srcset=\"https:\/\/www.parrocchiamontelupone.it\/wp-content\/uploads\/2024\/02\/page-s-f.jpg 600w, https:\/\/www.parrocchiamontelupone.it\/wp-content\/uploads\/2024\/02\/page-s-f-300x200.jpg 300w\" sizes=\"(max-width: 600px) 100vw, 600px\" \/>\t\t\t\t\t\t\t\t\t\t\t\t\t\t\t<\/div>\n\t\t\t\t<\/div>\n\t\t\t\t<\/div>\n\t\t\t\t\t<\/div>\n\t\t\t\t<\/div>\n\t\t<div class=\"elementor-element elementor-element-ef04131 e-flex e-con-boxed e-con e-parent\" data-id=\"ef04131\" data-element_type=\"container\" data-e-type=\"container\">\n\t\t\t\t\t<div class=\"e-con-inner\">\n\t\t\t\t<div class=\"elementor-element elementor-element-71db793 elementor-widget elementor-widget-image\" data-id=\"71db793\" data-element_type=\"widget\" data-e-type=\"widget\" data-widget_type=\"image.default\">\n\t\t\t\t<div class=\"elementor-widget-container\">\n\t\t\t\t\t\t\t\t\t\t\t\t\t\t\t<img loading=\"lazy\" decoding=\"async\" width=\"720\" height=\"513\" src=\"https:\/\/www.parrocchiamontelupone.it\/wp-content\/uploads\/2024\/01\/SACERDOTI-SFIRMANO-1024x729.jpg\" class=\"attachment-large size-large wp-image-974\" alt=\"\" srcset=\"https:\/\/www.parrocchiamontelupone.it\/wp-content\/uploads\/2024\/01\/SACERDOTI-SFIRMANO-1024x729.jpg 1024w, https:\/\/www.parrocchiamontelupone.it\/wp-content\/uploads\/2024\/01\/SACERDOTI-SFIRMANO-300x214.jpg 300w, https:\/\/www.parrocchiamontelupone.it\/wp-content\/uploads\/2024\/01\/SACERDOTI-SFIRMANO-768x547.jpg 768w, https:\/\/www.parrocchiamontelupone.it\/wp-content\/uploads\/2024\/01\/SACERDOTI-SFIRMANO.jpg 1184w\" sizes=\"(max-width: 720px) 100vw, 720px\" \/>\t\t\t\t\t\t\t\t\t\t\t\t\t\t\t<\/div>\n\t\t\t\t<\/div>\n\t\t\t\t\t<\/div>\n\t\t\t\t<\/div>\n\t\t<div class=\"elementor-element elementor-element-328f81d e-flex e-con-boxed e-con e-parent\" data-id=\"328f81d\" data-element_type=\"container\" data-e-type=\"container\">\n\t\t\t\t\t<div class=\"e-con-inner\">\n\t\t<div class=\"elementor-element elementor-element-dac9668 e-con-full e-flex e-con e-child\" data-id=\"dac9668\" data-element_type=\"container\" data-e-type=\"container\">\n\t\t\t\t<div class=\"elementor-element elementor-element-cb31375 elementor-align-center elementor-widget elementor-widget-button\" data-id=\"cb31375\" data-element_type=\"widget\" data-e-type=\"widget\" data-widget_type=\"button.default\">\n\t\t\t\t<div class=\"elementor-widget-container\">\n\t\t\t\t\t\t\t\t\t<div class=\"elementor-button-wrapper\">\n\t\t\t\t\t<a class=\"elementor-button elementor-button-link elementor-size-sm\" href=\"https:\/\/www.parrocchiamontelupone.it\/?page_id=1138\">\n\t\t\t\t\t\t<span class=\"elementor-button-content-wrapper\">\n\t\t\t\t\t\t\t\t\t<span class=\"elementor-button-text\">FOTO DELL'ABBAZIA e DOCUMENTI<\/span>\n\t\t\t\t\t<\/span>\n\t\t\t\t\t<\/a>\n\t\t\t\t<\/div>\n\t\t\t\t\t\t\t\t<\/div>\n\t\t\t\t<\/div>\n\t\t\t\t<\/div>\n\t\t<div class=\"elementor-element elementor-element-2817098 e-con-full e-flex e-con e-child\" data-id=\"2817098\" data-element_type=\"container\" data-e-type=\"container\">\n\t\t\t\t<div class=\"elementor-element elementor-element-7148e06 elementor-align-center elementor-widget elementor-widget-button\" data-id=\"7148e06\" data-element_type=\"widget\" data-e-type=\"widget\" data-widget_type=\"button.default\">\n\t\t\t\t<div class=\"elementor-widget-container\">\n\t\t\t\t\t\t\t\t\t<div class=\"elementor-button-wrapper\">\n\t\t\t\t\t<a class=\"elementor-button elementor-button-link elementor-size-sm\" href=\"https:\/\/www.parrocchiamontelupone.it\/\">\n\t\t\t\t\t\t<span class=\"elementor-button-content-wrapper\">\n\t\t\t\t\t\t\t\t\t<span class=\"elementor-button-text\">PARROCCHIA SANTI PIETRO E PAOLO - MONTELUPONE<\/span>\n\t\t\t\t\t<\/span>\n\t\t\t\t\t<\/a>\n\t\t\t\t<\/div>\n\t\t\t\t\t\t\t\t<\/div>\n\t\t\t\t<\/div>\n\t\t\t\t<\/div>\n\t\t\t\t\t<\/div>\n\t\t\t\t<\/div>\n\t\t\t\t<\/div>\n\t\t","protected":false},"excerpt":{"rendered":"<p>Premio San Firmano a Simone Longhi Abbazia e Rifugio del Pellegrino \u00a0 PARROCCHIA\u00a0 \u00a0 DI SAN FIRMANO \u00a0 \u00a0Parroco: Don Giacomo Ippolito \u00a0 \u00a0Viceparroco: Don Dario Tondello \u00a0 \u00a0 \u00a0 \u00a0Domenica:\u00a0 \u00a0 \u00a0Santa Messa \u00a0 \u00a0alle ore 10,15 \u00a0\u00a0\u00a0 \u00a0Festa del Patrono\u00a0 \u00a0di Montelupone\u00a0 \u00a011 Marzo\u00a0 San Firmano, Patrono di Montelupone (MC) Nato probabilmente a [&hellip;]<\/p>\n","protected":false},"author":1,"featured_media":0,"parent":0,"menu_order":0,"comment_status":"closed","ping_status":"closed","template":"","meta":{"footnotes":""},"class_list":["post-947","page","type-page","status-publish","hentry"],"_links":{"self":[{"href":"https:\/\/www.parrocchiamontelupone.it\/index.php?rest_route=\/wp\/v2\/pages\/947","targetHints":{"allow":["GET"]}}],"collection":[{"href":"https:\/\/www.parrocchiamontelupone.it\/index.php?rest_route=\/wp\/v2\/pages"}],"about":[{"href":"https:\/\/www.parrocchiamontelupone.it\/index.php?rest_route=\/wp\/v2\/types\/page"}],"author":[{"embeddable":true,"href":"https:\/\/www.parrocchiamontelupone.it\/index.php?rest_route=\/wp\/v2\/users\/1"}],"replies":[{"embeddable":true,"href":"https:\/\/www.parrocchiamontelupone.it\/index.php?rest_route=%2Fwp%2Fv2%2Fcomments&post=947"}],"version-history":[{"count":283,"href":"https:\/\/www.parrocchiamontelupone.it\/index.php?rest_route=\/wp\/v2\/pages\/947\/revisions"}],"predecessor-version":[{"id":4301,"href":"https:\/\/www.parrocchiamontelupone.it\/index.php?rest_route=\/wp\/v2\/pages\/947\/revisions\/4301"}],"wp:attachment":[{"href":"https:\/\/www.parrocchiamontelupone.it\/index.php?rest_route=%2Fwp%2Fv2%2Fmedia&parent=947"}],"curies":[{"name":"wp","href":"https:\/\/api.w.org\/{rel}","templated":true}]}}