{"id":3032,"date":"2025-02-24T13:01:56","date_gmt":"2025-02-24T13:01:56","guid":{"rendered":"https:\/\/www.parrocchiamontelupone.it\/?page_id=3032"},"modified":"2025-05-11T21:39:31","modified_gmt":"2025-05-11T21:39:31","slug":"chiesa-della-pieta","status":"publish","type":"page","link":"https:\/\/www.parrocchiamontelupone.it\/?page_id=3032","title":{"rendered":"Chiesa della PIETA&#8217;"},"content":{"rendered":"\t\t<div data-elementor-type=\"wp-page\" data-elementor-id=\"3032\" class=\"elementor elementor-3032\">\n\t\t\t\t<div class=\"elementor-element elementor-element-3c5f535 e-con-full e-flex e-con e-parent\" data-id=\"3c5f535\" data-element_type=\"container\" data-e-type=\"container\">\n\t\t\t\t<div class=\"elementor-element elementor-element-9efdb8d elementor-widget elementor-widget-text-editor\" data-id=\"9efdb8d\" data-element_type=\"widget\" data-e-type=\"widget\" data-widget_type=\"text-editor.default\">\n\t\t\t\t<div class=\"elementor-widget-container\">\n\t\t\t\t\t\t\t\t\t<p><span style=\"color: #ffffff;\">CHIESA DELLA PIETA&#8217;&nbsp; (sec. XV)<\/span><\/p>\n<p><span style=\"color: #ffffff;\">Antica chiesa Parrocchiale dedicata a S. Giovanni Battista in platea. Sotto il pontificato di Leone X divenne chiesa Curata di propriet\u00e0 del Capitolo dei Canonici di Loreto e sede della Confraternita della Piet\u00e0, pass\u00f2 poi alla Collegiata e da questa alla Confraternita della Piet\u00e0 e per essa l&#8217;acquist\u00f2 Gaetano Magner nel 1860. Attualmente di propriet\u00e0 comunale \u00e8 stata adibita a sala polivalente capace di accogliere mostre tematiche e attivit\u00e0 culturali.<\/span><\/p>\t\t\t\t\t\t\t\t<\/div>\n\t\t\t\t<\/div>\n\t\t\t\t<\/div>\n\t\t<div class=\"elementor-element elementor-element-05a92df e-flex e-con-boxed e-con e-parent\" data-id=\"05a92df\" data-element_type=\"container\" data-e-type=\"container\">\n\t\t\t\t\t<div class=\"e-con-inner\">\n\t\t\t\t<div class=\"elementor-element elementor-element-795b0ba elementor-widget elementor-widget-image\" data-id=\"795b0ba\" data-element_type=\"widget\" data-e-type=\"widget\" data-widget_type=\"image.default\">\n\t\t\t\t<div class=\"elementor-widget-container\">\n\t\t\t\t\t\t\t\t\t\t\t\t\t\t\t<img fetchpriority=\"high\" decoding=\"async\" width=\"490\" height=\"615\" src=\"https:\/\/www.parrocchiamontelupone.it\/wp-content\/uploads\/2025\/03\/chiesa-pieta.jpg\" class=\"attachment-large size-large wp-image-3189\" alt=\"\" srcset=\"https:\/\/www.parrocchiamontelupone.it\/wp-content\/uploads\/2025\/03\/chiesa-pieta.jpg 490w, https:\/\/www.parrocchiamontelupone.it\/wp-content\/uploads\/2025\/03\/chiesa-pieta-239x300.jpg 239w\" sizes=\"(max-width: 490px) 100vw, 490px\" \/>\t\t\t\t\t\t\t\t\t\t\t\t\t\t\t<\/div>\n\t\t\t\t<\/div>\n\t\t\t\t\t<\/div>\n\t\t\t\t<\/div>\n\t\t<div class=\"elementor-element elementor-element-324f5b4 e-con-full e-flex e-con e-parent\" data-id=\"324f5b4\" data-element_type=\"container\" data-e-type=\"container\">\n\t\t\t\t<div class=\"elementor-element elementor-element-88f5223 elementor-widget elementor-widget-image\" data-id=\"88f5223\" data-element_type=\"widget\" data-e-type=\"widget\" data-widget_type=\"image.default\">\n\t\t\t\t<div class=\"elementor-widget-container\">\n\t\t\t\t\t\t\t\t\t\t\t\t\t\t\t<img decoding=\"async\" width=\"720\" height=\"631\" src=\"https:\/\/www.parrocchiamontelupone.it\/wp-content\/uploads\/2025\/05\/PIETA-DUE.jpg\" class=\"attachment-large size-large wp-image-3458\" alt=\"\" srcset=\"https:\/\/www.parrocchiamontelupone.it\/wp-content\/uploads\/2025\/05\/PIETA-DUE.jpg 1008w, https:\/\/www.parrocchiamontelupone.it\/wp-content\/uploads\/2025\/05\/PIETA-DUE-300x263.jpg 300w, https:\/\/www.parrocchiamontelupone.it\/wp-content\/uploads\/2025\/05\/PIETA-DUE-768x674.jpg 768w\" sizes=\"(max-width: 720px) 100vw, 720px\" \/>\t\t\t\t\t\t\t\t\t\t\t\t\t\t\t<\/div>\n\t\t\t\t<\/div>\n\t\t\t\t<\/div>\n\t\t<div class=\"elementor-element elementor-element-41ae80d e-flex e-con-boxed e-con e-parent\" data-id=\"41ae80d\" data-element_type=\"container\" data-e-type=\"container\">\n\t\t\t\t\t<div class=\"e-con-inner\">\n\t\t\t\t<div class=\"elementor-element elementor-element-c77f603 elementor-align-left elementor-widget elementor-widget-button\" data-id=\"c77f603\" data-element_type=\"widget\" data-e-type=\"widget\" data-widget_type=\"button.default\">\n\t\t\t\t<div class=\"elementor-widget-container\">\n\t\t\t\t\t\t\t\t\t<div class=\"elementor-button-wrapper\">\n\t\t\t\t\t<a class=\"elementor-button elementor-button-link elementor-size-sm\" href=\"https:\/\/www.parrocchiamontelupone.it\/\">\n\t\t\t\t\t\t<span class=\"elementor-button-content-wrapper\">\n\t\t\t\t\t\t\t\t\t<span class=\"elementor-button-text\">HOME<\/span>\n\t\t\t\t\t<\/span>\n\t\t\t\t\t<\/a>\n\t\t\t\t<\/div>\n\t\t\t\t\t\t\t\t<\/div>\n\t\t\t\t<\/div>\n\t\t\t\t\t<\/div>\n\t\t\t\t<\/div>\n\t\t\t\t<\/div>\n\t\t","protected":false},"excerpt":{"rendered":"<p>CHIESA DELLA PIETA&#8217;&nbsp; (sec. XV) Antica chiesa Parrocchiale dedicata a S. Giovanni Battista in platea. Sotto il pontificato di Leone X divenne chiesa Curata di propriet\u00e0 del Capitolo dei Canonici di Loreto e sede della Confraternita della Piet\u00e0, pass\u00f2 poi alla Collegiata e da questa alla Confraternita della Piet\u00e0 e per essa l&#8217;acquist\u00f2 Gaetano Magner [&hellip;]<\/p>\n","protected":false},"author":1,"featured_media":0,"parent":0,"menu_order":0,"comment_status":"closed","ping_status":"closed","template":"","meta":{"footnotes":""},"class_list":["post-3032","page","type-page","status-publish","hentry"],"_links":{"self":[{"href":"https:\/\/www.parrocchiamontelupone.it\/index.php?rest_route=\/wp\/v2\/pages\/3032","targetHints":{"allow":["GET"]}}],"collection":[{"href":"https:\/\/www.parrocchiamontelupone.it\/index.php?rest_route=\/wp\/v2\/pages"}],"about":[{"href":"https:\/\/www.parrocchiamontelupone.it\/index.php?rest_route=\/wp\/v2\/types\/page"}],"author":[{"embeddable":true,"href":"https:\/\/www.parrocchiamontelupone.it\/index.php?rest_route=\/wp\/v2\/users\/1"}],"replies":[{"embeddable":true,"href":"https:\/\/www.parrocchiamontelupone.it\/index.php?rest_route=%2Fwp%2Fv2%2Fcomments&post=3032"}],"version-history":[{"count":20,"href":"https:\/\/www.parrocchiamontelupone.it\/index.php?rest_route=\/wp\/v2\/pages\/3032\/revisions"}],"predecessor-version":[{"id":3461,"href":"https:\/\/www.parrocchiamontelupone.it\/index.php?rest_route=\/wp\/v2\/pages\/3032\/revisions\/3461"}],"wp:attachment":[{"href":"https:\/\/www.parrocchiamontelupone.it\/index.php?rest_route=%2Fwp%2Fv2%2Fmedia&parent=3032"}],"curies":[{"name":"wp","href":"https:\/\/api.w.org\/{rel}","templated":true}]}}