{"id":2766,"date":"2025-02-16T21:44:07","date_gmt":"2025-02-16T21:44:07","guid":{"rendered":"https:\/\/www.parrocchiamontelupone.it\/?page_id=2766"},"modified":"2025-02-16T23:06:29","modified_gmt":"2025-02-16T23:06:29","slug":"chiesa-del-crocefisso-ora-sala-parrocchiale-2","status":"publish","type":"page","link":"https:\/\/www.parrocchiamontelupone.it\/?page_id=2766","title":{"rendered":"CHIESA DEL CROCEFISSO ora SALA PARROCCHIALE"},"content":{"rendered":"\t\t<div data-elementor-type=\"wp-page\" data-elementor-id=\"2766\" class=\"elementor elementor-2766\">\n\t\t\t\t<div class=\"elementor-element elementor-element-b69cbf4 e-flex e-con-boxed e-con e-parent\" data-id=\"b69cbf4\" data-element_type=\"container\" data-e-type=\"container\">\n\t\t\t\t\t<div class=\"e-con-inner\">\n\t\t\t\t<div class=\"elementor-element elementor-element-6a7609c elementor-widget elementor-widget-image\" data-id=\"6a7609c\" data-element_type=\"widget\" data-e-type=\"widget\" data-widget_type=\"image.default\">\n\t\t\t\t<div class=\"elementor-widget-container\">\n\t\t\t\t\t\t\t\t\t\t\t\t\t\t\t<img fetchpriority=\"high\" decoding=\"async\" width=\"720\" height=\"405\" src=\"https:\/\/www.parrocchiamontelupone.it\/wp-content\/uploads\/2025\/02\/sala-parrocchiale-ok-1-1024x576.jpg\" class=\"attachment-large size-large wp-image-2767\" alt=\"\" srcset=\"https:\/\/www.parrocchiamontelupone.it\/wp-content\/uploads\/2025\/02\/sala-parrocchiale-ok-1-1024x576.jpg 1024w, https:\/\/www.parrocchiamontelupone.it\/wp-content\/uploads\/2025\/02\/sala-parrocchiale-ok-1-300x169.jpg 300w, https:\/\/www.parrocchiamontelupone.it\/wp-content\/uploads\/2025\/02\/sala-parrocchiale-ok-1-768x432.jpg 768w, https:\/\/www.parrocchiamontelupone.it\/wp-content\/uploads\/2025\/02\/sala-parrocchiale-ok-1-1536x864.jpg 1536w, https:\/\/www.parrocchiamontelupone.it\/wp-content\/uploads\/2025\/02\/sala-parrocchiale-ok-1.jpg 2000w\" sizes=\"(max-width: 720px) 100vw, 720px\" \/>\t\t\t\t\t\t\t\t\t\t\t\t\t\t\t<\/div>\n\t\t\t\t<\/div>\n\t\t\t\t\t<\/div>\n\t\t\t\t<\/div>\n\t\t<div class=\"elementor-element elementor-element-a7d27c1 e-con-full e-flex e-con e-parent\" data-id=\"a7d27c1\" data-element_type=\"container\" data-e-type=\"container\">\n\t\t\t\t<div class=\"elementor-element elementor-element-fcf51f6 elementor-widget elementor-widget-heading\" data-id=\"fcf51f6\" data-element_type=\"widget\" data-e-type=\"widget\" data-widget_type=\"heading.default\">\n\t\t\t\t<div class=\"elementor-widget-container\">\n\t\t\t\t\t<h2 class=\"elementor-heading-title elementor-size-default\">Chiesa del Crocifisso (sec. XIlI-XX) poi Sala Parrocchiale (1966)\n\nQuesto edificio,  le cui fondamenta sembrano risalire al XIll secolo,  fu modificato su iniziativa della Confraternita di San Michele Arcangelo con la costruzione  della  \u201cChiesa  del Crocefisso\u201d avviata nel  1735. \n\" Fu eretta questa Compagnia sotto il titolo di San Michele Arcangelo con li sacchi color torchino, nel mese di marzo nell'anno 1537 nella chiesa gi\u00e0 Parrocchiale di Santa Maria di Castello, essendo sommo Pontefice Paolo III di S.M., dove essendo stato cos\u00ec sino al 1607 deliberarono li fratelli di essa di fare una nuova chiesa, sacrestia, campanile e casa ricovero della Compagnia; qual chiesa \u00e8 stata gi\u00e0 demolita con quella di S. Anna, e di due se ne \u00e8 formata una pi\u00f9 capace, ancora non compita\"\nCosi fu chiamata la chiesa perch\u00e8 custodiva un Crocifisso in legno venerato dai monteluponesi e dagli abitanti del comprensorio \nDopo i danneggiamenti del  campanile causati il 30 giugno 1944 dai tedeschi in ritirata e le successive riparazioni, un fulmine  colpi\u2019 il campanile  il 13 gennaio 1958 causandone il crollo.\nSi decise cos\u00ec di adibire la chiesa, a partire dagli anni sessanta, a sala parrocchiale, inaugurata il 23 marzo 1966 e  dedicata a papa Giovanni XXIII, realizzandovi un grande locale con palcoscenico e nella ex sacrestia un'altra saletta,\n La maggior parte delle opere in essa contenute furono trasferite nella Chiesa Collegiata a partire dall\u2019antico Crocefisso e dalla Campana con data di fusione 1255.\n<\/h2>\t\t\t\t<\/div>\n\t\t\t\t<\/div>\n\t\t\t\t<\/div>\n\t\t<div class=\"elementor-element elementor-element-92606c1 e-con-full e-flex e-con e-parent\" data-id=\"92606c1\" data-element_type=\"container\" data-e-type=\"container\">\n\t\t\t\t<div class=\"elementor-element elementor-element-a0a0a52 elementor-widget elementor-widget-image\" data-id=\"a0a0a52\" data-element_type=\"widget\" data-e-type=\"widget\" data-widget_type=\"image.default\">\n\t\t\t\t<div class=\"elementor-widget-container\">\n\t\t\t\t\t\t\t\t\t\t\t\t\t\t\t<img decoding=\"async\" width=\"720\" height=\"566\" src=\"https:\/\/www.parrocchiamontelupone.it\/wp-content\/uploads\/2025\/02\/sala-66-1024x805.jpg\" class=\"attachment-large size-large wp-image-2793\" alt=\"\" srcset=\"https:\/\/www.parrocchiamontelupone.it\/wp-content\/uploads\/2025\/02\/sala-66-1024x805.jpg 1024w, https:\/\/www.parrocchiamontelupone.it\/wp-content\/uploads\/2025\/02\/sala-66-300x236.jpg 300w, https:\/\/www.parrocchiamontelupone.it\/wp-content\/uploads\/2025\/02\/sala-66-768x603.jpg 768w, https:\/\/www.parrocchiamontelupone.it\/wp-content\/uploads\/2025\/02\/sala-66.jpg 1237w\" sizes=\"(max-width: 720px) 100vw, 720px\" \/>\t\t\t\t\t\t\t\t\t\t\t\t\t\t\t<\/div>\n\t\t\t\t<\/div>\n\t\t\t\t<\/div>\n\t\t<div class=\"elementor-element elementor-element-08845e0 e-flex e-con-boxed e-con e-parent\" data-id=\"08845e0\" data-element_type=\"container\" data-e-type=\"container\">\n\t\t\t\t\t<div class=\"e-con-inner\">\n\t\t\t\t<div class=\"elementor-element elementor-element-42042b9 elementor-align-center elementor-widget elementor-widget-button\" data-id=\"42042b9\" data-element_type=\"widget\" data-e-type=\"widget\" data-widget_type=\"button.default\">\n\t\t\t\t<div class=\"elementor-widget-container\">\n\t\t\t\t\t\t\t\t\t<div class=\"elementor-button-wrapper\">\n\t\t\t\t\t<a class=\"elementor-button elementor-button-link elementor-size-sm\" href=\"https:\/\/www.parrocchiamontelupone.it\/\">\n\t\t\t\t\t\t<span class=\"elementor-button-content-wrapper\">\n\t\t\t\t\t\t\t\t\t<span class=\"elementor-button-text\">HOME<\/span>\n\t\t\t\t\t<\/span>\n\t\t\t\t\t<\/a>\n\t\t\t\t<\/div>\n\t\t\t\t\t\t\t\t<\/div>\n\t\t\t\t<\/div>\n\t\t\t\t\t<\/div>\n\t\t\t\t<\/div>\n\t\t\t\t<\/div>\n\t\t","protected":false},"excerpt":{"rendered":"<p>Chiesa del Crocifisso (sec. XIlI-XX) poi Sala Parrocchiale (1966) Questo edificio, le cui fondamenta sembrano risalire al XIll secolo, fu modificato su iniziativa della Confraternita di San Michele Arcangelo con la costruzione della \u201cChiesa del Crocefisso\u201d avviata nel 1735. &#8221; Fu eretta questa Compagnia sotto il titolo di San Michele Arcangelo con li sacchi color [&hellip;]<\/p>\n","protected":false},"author":1,"featured_media":0,"parent":0,"menu_order":0,"comment_status":"closed","ping_status":"closed","template":"","meta":{"footnotes":""},"class_list":["post-2766","page","type-page","status-publish","hentry"],"_links":{"self":[{"href":"https:\/\/www.parrocchiamontelupone.it\/index.php?rest_route=\/wp\/v2\/pages\/2766","targetHints":{"allow":["GET"]}}],"collection":[{"href":"https:\/\/www.parrocchiamontelupone.it\/index.php?rest_route=\/wp\/v2\/pages"}],"about":[{"href":"https:\/\/www.parrocchiamontelupone.it\/index.php?rest_route=\/wp\/v2\/types\/page"}],"author":[{"embeddable":true,"href":"https:\/\/www.parrocchiamontelupone.it\/index.php?rest_route=\/wp\/v2\/users\/1"}],"replies":[{"embeddable":true,"href":"https:\/\/www.parrocchiamontelupone.it\/index.php?rest_route=%2Fwp%2Fv2%2Fcomments&post=2766"}],"version-history":[{"count":7,"href":"https:\/\/www.parrocchiamontelupone.it\/index.php?rest_route=\/wp\/v2\/pages\/2766\/revisions"}],"predecessor-version":[{"id":2796,"href":"https:\/\/www.parrocchiamontelupone.it\/index.php?rest_route=\/wp\/v2\/pages\/2766\/revisions\/2796"}],"wp:attachment":[{"href":"https:\/\/www.parrocchiamontelupone.it\/index.php?rest_route=%2Fwp%2Fv2%2Fmedia&parent=2766"}],"curies":[{"name":"wp","href":"https:\/\/api.w.org\/{rel}","templated":true}]}}