{"id":2207,"date":"2024-09-03T17:45:44","date_gmt":"2024-09-03T17:45:44","guid":{"rendered":"https:\/\/www.parrocchiamontelupone.it\/?page_id=2207"},"modified":"2025-01-10T21:55:00","modified_gmt":"2025-01-10T21:55:00","slug":"chiesa-di-santa-chiara","status":"publish","type":"page","link":"https:\/\/www.parrocchiamontelupone.it\/?page_id=2207","title":{"rendered":"Chiesa di Santa Chiara"},"content":{"rendered":"\t\t<div data-elementor-type=\"wp-page\" data-elementor-id=\"2207\" class=\"elementor elementor-2207\">\n\t\t\t\t<div class=\"elementor-element elementor-element-dc00fc9 e-con-full e-flex e-con e-parent\" data-id=\"dc00fc9\" data-element_type=\"container\" data-e-type=\"container\">\n\t\t\t\t<div class=\"elementor-element elementor-element-2b86487f elementor-widget__width-initial elementor-widget elementor-widget-text-editor\" data-id=\"2b86487f\" data-element_type=\"widget\" data-e-type=\"widget\" data-widget_type=\"text-editor.default\">\n\t\t\t\t<div class=\"elementor-widget-container\">\n\t\t\t\t\t\t\t\t\t\n<figure class=\"wp-block-image size-full\"><img fetchpriority=\"high\" decoding=\"async\" width=\"600\" height=\"800\" class=\"wp-image-2208 aligncenter\" src=\"https:\/\/www.parrocchiamontelupone.it\/wp-content\/uploads\/2024\/09\/lett-3.jpg\" alt=\"\" srcset=\"https:\/\/www.parrocchiamontelupone.it\/wp-content\/uploads\/2024\/09\/lett-3.jpg 600w, https:\/\/www.parrocchiamontelupone.it\/wp-content\/uploads\/2024\/09\/lett-3-225x300.jpg 225w\" sizes=\"(max-width: 600px) 100vw, 600px\" \/><\/figure>\n\t\t\t\t\t\t\t\t<\/div>\n\t\t\t\t<\/div>\n\t\t\t\t<\/div>\n\t\t<div class=\"elementor-element elementor-element-d2a443f e-con-full e-flex e-con e-parent\" data-id=\"d2a443f\" data-element_type=\"container\" data-e-type=\"container\">\n\t\t\t\t<div class=\"elementor-element elementor-element-325960a elementor-widget elementor-widget-text-editor\" data-id=\"325960a\" data-element_type=\"widget\" data-e-type=\"widget\" data-widget_type=\"text-editor.default\">\n\t\t\t\t<div class=\"elementor-widget-container\">\n\t\t\t\t\t\t\t\t\t<p><span style=\"color: #800000;\">La&nbsp; comunit\u00e0 religiosa delle Clarisse&nbsp; a Montelupone risalente al 1567,&nbsp; dette origine&nbsp; alla nascita della Chiesa di Santa Chiara,&nbsp;<\/span><\/p>\n<p><span style=\"color: #800000;\">Alla&nbsp; fine del secolo fu assegnata alle suore la stessa&nbsp; &nbsp;Chiesa&nbsp; gi\u00e0 unita alla loro casa e&nbsp; nella quale&nbsp; nel 1502 era stata istituita la Prepositura dal Cardinale Francesco Todeschini Piccolomini (elevato al soglio Pontificio nel 1503 col nome di Pio III).&nbsp;&nbsp;<\/span><\/p>\n<p><span style=\"color: #800000;\">&nbsp;Nel 1586 Montelupone pass\u00f2 sotto la Diocesi di Loreto, appena creata da Sisto V (era prima sottoposto alla Chiesa Cattedrale di Fermo) e nel 1592 inizi\u00f2 la costruzione del Monastero, che nel 1636 pass\u00f2 sotto la Regola di Santa Chiara. Quando nel 1747 la Prepositura fu trasferita&nbsp; &nbsp;alla Collegiata, la chiesa divenne di propriet\u00e0 delle Monache.<\/span><\/p>\n<p><span style=\"color: #800000;\"> Nel 1789 le Clarisse decisero di ampliare la chiesa, quando era Badessa Suor Maria Eleonora Mazza, morta in odore di santit\u00e0 l\u201911 Maggio 1806. Esiste un disegno del progetto del Coro della Chiesa di Santa Chiara fatto dall\u2019architetto Andrea Vici d\u2019Arcevia (1743-1817), il che fa pensare che sia suo il progetto dell\u2019intera nuova chiesa, in stile tardobarocco, richiamato anche dalla Cantoria e dai Coretti lignei in essa inseriti; discepolo del Vanvitelli, Andrea Vici oper\u00f2 molto nelle Marche, pur vivendo stabilmente a Roma: nella Basilica di Loreto, ad Offagna, ad Osimo, ridisegn\u00f2 inoltre la Piazza di Treia, di cui progett\u00f2 anche la Cattedrale, forse l\u2019ultima importante chiesa tardobarocca in clima di Neoclassico avanzato, essendo essa degli anni 1810-14. Subite le modifiche dovute all\u2019intervento iniziato nel 1789, la Chiesa di S. Chiara fu solennemente consacrata il 14 giugno 1801. Con il passaggio delle truppe napoleoniche, fatto che comportava la soppressione degli Ordini Religiosi e la confisca dei beni, le Monache dovettero lasciare il Monastero e vi fecero ritorno nel 1822. Una seconda soppressione, ad opera del Governo italiano, costrinsero ad un secondo allontanamento le Clarisse, che rientrarono nel 1878 e riebbero la chiesa fino al 1903.<\/span><\/p>\n<p><span style=\"color: #800000;\">In seguito la chiesa&nbsp; fu adibita inspiegabilmente a magazzino. Divenuto proprietario il Comune, che aveva l\u2019obbligo di officiarla, si decise per i lavori di restauro che permisero di riaprire l\u2019edificio al Culto nel Dicembre 1924.<\/span><\/p>\n<p><span style=\"color: #800000;\">Il Monastero stesso fu in seguito in parte demolito ed in parte adibito a scuola elementare; Le monache dovettero&nbsp; cos\u00ec trasferirsi in Via Borgianelli, nella casa vicino alla Collegiata dove nacque&nbsp; nei primi decenni del secolo scorso l&#8217;Asilo infantile.&nbsp;<\/span><\/p>\n<p><span style=\"color: #800000;\">Negli anni Trenta le Suore dell\u2019Istituto delle Ancelle del Sacro Cuore di Ges\u00f9 Agonizzante ereditarono l\u2019attivit\u00e0 scolastica delle Clarisse.<\/span><\/p>\n<p><\/p>\n<p><span style=\"color: #800000;\">La chiesa fu tra l\u2019altro bombardata nel 1944 dalle truppe tedesche in ritirata come ricordato da una targa sulla facciata.<\/span><\/p>\n<p><span style=\"color: #800000;\"> Il 26 Novembre 1972 una leggera scossa di terremoto caus\u00f2 l\u2019adagiamento di una capriata del vecchio tetto sulle volte di legno della chiesa, che nel Gennaio seguente precipit\u00f2 all\u2019interno. Dopo i lavori di ripristino delle strutture, la chiesa fu riaperta il 23 settembre 1978.<\/span><\/p>\n<p><span style=\"color: #800000;\">Oggi, invece, la Chiesa di Santa Chiara, di propriet\u00e0 del Comune, \u00e8 custodita dalle Ancelle del Sacro Cuore di Ges\u00f9 Agonizzante di Lugo di Ravenna, che abitano (dal 1956) nei locali di Via Vecchiotti , dove gestiscono la Scuola Materna.&nbsp;&nbsp;<\/span><\/p>\n<p><span style=\"color: #800000;\">Entrando dalla parte destra della chiesa ci troviamo subito di fronte ad una delle opere che rendono particolarmente interessante questo edificio religioso:si tratta di una delle quattro porte intarsiate per questa chiesa dall\u2019anconetano Cristoforo Casari. Qui troviamo, nei pannelli superiori, San Nicola da Tolentino in atto di celebrare la Santa Messa e le Anime purganti che volano al cielo per intercessione del Santo e quindi San Pietro d\u2019Alcantara. Nei pannelli inferiori \u00e8 raffigurato tra motivi floreali, lo stemma del Vescovo Francesco Cantucci, primo Vescovo di Loreto nel 1586, della cui Diocesi entr\u00f2 a far parte Montelupone. Giuseppe Benesi di Recanati esegu\u00ec nel 1801 le croci per la consacrazione della chiesa. Il San Giuseppe con il Bambino riprende i modelli del bolognese Carlo Cignani (1628-1716). La pala di questa cappella \u00e8 una copia dell\u2019Annunciazione della Vergine che Federico Barocci (1535-1612) dipinse per la Cappella dei Duchi di Urbino della Basilica di Loreto; l\u2019originale, trasferito a Roma per essere tradotto in mosaico, rimase poi presso la Pinacoteca Vaticana. Proseguendo sullo stesso lato troviamo un\u2019altra porta intarsiata dove compaiono nei pannelli superiori Sant\u2019Antonio da Padova in atto di ricevere il SS. Bambino e Santa Margherita da Cortona; nei pannelli inferiori \u00e8 raffigurato l\u2019emblema francescano. Troviamo poi la Porta della Ruota, in cui l\u2019autore \u201cCristofaro Casari Anconitano\u201d si firma insieme all\u2019anno di esecuzione 1796 ; qui \u00e8 rappresentata in alto la \u201cFuga in Egitto\u201d e nel pannello centrale la \u201cNascita del Redentore\u201d. Sull\u2019Altare Maggiore \u00e8 collocato il dipinto raffigurante l\u2019Immacolata che reca in braccio il Bambino Ges\u00f9, Santa Chiara di Assisi, San Giovanni Evangelista e San Nicol\u00f2. La tela presenta al centro la Madonna Immacolata (che ai suoi piedi ha la mezzaluna, simbolo della sua verginit\u00e0) e il Bambino Ges\u00f9; alla sua sinistra vi \u00e8 santa Chiara di Assisi che sorregge l\u2019Ostensorio con il quale mise in fuga i Saraceni in occasione dell\u2019assalto contro il Monastero di San Damiano in Assisi. In basso vi sono, a sinistra, seduto, San Giovanni Evangelista con accanto l\u2019aquila, suo simbolo e a destra San Nicol\u00f2 nei paramenti di Vescovo Greco; questi ultimi sono i titolari della soppressa Prepositura. Da una iscrizione posta sulla pietra su cui \u00e8 seduto San Giovanni Evangelista \u00e8 stato possibile attribuire questa opera al pittore siciliano Onofrio Gabriello (Gesso-ME, 1619-1706) che la esegu\u00ec nel 1695. Onofrio da Messina (cos\u00ec si firma sulla tela) a causa del suo atteggiamento filofrancese dovette lasciare Messina nel 1674 e pot\u00e9 farvi ritorno solo nel 1701: \u00e8 in questo periodo che il Gabriello viene probabilmente in contatto con l\u2019ambiente artistico marchigiano, essendo stata Ancona una delle sue tappe nel lungo girovagare tra Francia e Italia. Al di sopra di questa tela \u00e8 posta la decorazione plastica raffigurante \u201cDue angeli e teste di cherubini\u201d del 1792 che possiamo a ragione attribuire, grazie ad una ricevuta firmata, di quaranta scudi, conservata nell\u2019Archivio del Monastero di Santa Chiara, allo scultore di origine fiamminga Gioacchino Varl\u00e8 (Roma,1734-Ancona,1806).<\/span><\/p>\n<p><span style=\"color: #800000;\">Danneggiata dal terremoto del 2016, la chiesa attende gli interventi di ripristino.<\/span><\/p>\t\t\t\t\t\t\t\t<\/div>\n\t\t\t\t<\/div>\n\t\t\t\t<\/div>\n\t\t<div class=\"elementor-element elementor-element-dacf2ad e-con-full e-flex e-con e-parent\" data-id=\"dacf2ad\" data-element_type=\"container\" data-e-type=\"container\">\n\t\t\t\t<div class=\"elementor-element elementor-element-361f1bb elementor-widget elementor-widget-image\" data-id=\"361f1bb\" data-element_type=\"widget\" data-e-type=\"widget\" data-widget_type=\"image.default\">\n\t\t\t\t<div class=\"elementor-widget-container\">\n\t\t\t\t\t\t\t\t\t\t\t\t\t\t\t<img decoding=\"async\" width=\"720\" height=\"480\" src=\"https:\/\/www.parrocchiamontelupone.it\/wp-content\/uploads\/2024\/09\/Altare-1024x683.jpg\" class=\"attachment-large size-large wp-image-2217\" alt=\"\" srcset=\"https:\/\/www.parrocchiamontelupone.it\/wp-content\/uploads\/2024\/09\/Altare-1024x683.jpg 1024w, https:\/\/www.parrocchiamontelupone.it\/wp-content\/uploads\/2024\/09\/Altare-300x200.jpg 300w, https:\/\/www.parrocchiamontelupone.it\/wp-content\/uploads\/2024\/09\/Altare-768x512.jpg 768w, https:\/\/www.parrocchiamontelupone.it\/wp-content\/uploads\/2024\/09\/Altare.jpg 1500w\" sizes=\"(max-width: 720px) 100vw, 720px\" \/>\t\t\t\t\t\t\t\t\t\t\t\t\t\t\t<\/div>\n\t\t\t\t<\/div>\n\t\t\t\t<\/div>\n\t\t<div class=\"elementor-element elementor-element-2713dfe e-con-full e-flex e-con e-parent\" data-id=\"2713dfe\" data-element_type=\"container\" data-e-type=\"container\">\n\t\t\t\t<div class=\"elementor-element elementor-element-a114f00 elementor-widget elementor-widget-image\" data-id=\"a114f00\" data-element_type=\"widget\" data-e-type=\"widget\" data-widget_type=\"image.default\">\n\t\t\t\t<div class=\"elementor-widget-container\">\n\t\t\t\t\t\t\t\t\t\t\t\t\t\t\t<img decoding=\"async\" width=\"720\" height=\"491\" src=\"https:\/\/www.parrocchiamontelupone.it\/wp-content\/uploads\/2024\/09\/20090328-organoschiaramontelupone-g.jpg\" class=\"attachment-large size-large wp-image-2218\" alt=\"\" srcset=\"https:\/\/www.parrocchiamontelupone.it\/wp-content\/uploads\/2024\/09\/20090328-organoschiaramontelupone-g.jpg 800w, https:\/\/www.parrocchiamontelupone.it\/wp-content\/uploads\/2024\/09\/20090328-organoschiaramontelupone-g-300x205.jpg 300w, https:\/\/www.parrocchiamontelupone.it\/wp-content\/uploads\/2024\/09\/20090328-organoschiaramontelupone-g-768x524.jpg 768w\" sizes=\"(max-width: 720px) 100vw, 720px\" \/>\t\t\t\t\t\t\t\t\t\t\t\t\t\t\t<\/div>\n\t\t\t\t<\/div>\n\t\t\t\t<\/div>\n\t\t<div class=\"elementor-element elementor-element-13c5169 e-con-full e-flex e-con e-parent\" data-id=\"13c5169\" data-element_type=\"container\" data-e-type=\"container\">\n\t\t\t\t<div class=\"elementor-element elementor-element-896f60d elementor-widget elementor-widget-image\" data-id=\"896f60d\" data-element_type=\"widget\" data-e-type=\"widget\" data-widget_type=\"image.default\">\n\t\t\t\t<div class=\"elementor-widget-container\">\n\t\t\t\t\t\t\t\t\t\t\t\t\t\t\t<img loading=\"lazy\" decoding=\"async\" width=\"720\" height=\"480\" src=\"https:\/\/www.parrocchiamontelupone.it\/wp-content\/uploads\/2024\/09\/Organo-1024x683.jpg\" class=\"attachment-large size-large wp-image-2219\" alt=\"\" srcset=\"https:\/\/www.parrocchiamontelupone.it\/wp-content\/uploads\/2024\/09\/Organo-1024x683.jpg 1024w, https:\/\/www.parrocchiamontelupone.it\/wp-content\/uploads\/2024\/09\/Organo-300x200.jpg 300w, https:\/\/www.parrocchiamontelupone.it\/wp-content\/uploads\/2024\/09\/Organo-768x512.jpg 768w, https:\/\/www.parrocchiamontelupone.it\/wp-content\/uploads\/2024\/09\/Organo.jpg 1500w\" sizes=\"(max-width: 720px) 100vw, 720px\" \/>\t\t\t\t\t\t\t\t\t\t\t\t\t\t\t<\/div>\n\t\t\t\t<\/div>\n\t\t\t\t<\/div>\n\t\t<div class=\"elementor-element elementor-element-f8912df e-flex e-con-boxed e-con e-parent\" data-id=\"f8912df\" data-element_type=\"container\" data-e-type=\"container\">\n\t\t\t\t\t<div class=\"e-con-inner\">\n\t\t<div class=\"elementor-element elementor-element-d29ef95 e-con-full e-flex e-con e-child\" data-id=\"d29ef95\" data-element_type=\"container\" data-e-type=\"container\">\n\t\t\t\t<div class=\"elementor-element elementor-element-5ebf808 elementor-widget__width-initial elementor-widget elementor-widget-image\" data-id=\"5ebf808\" data-element_type=\"widget\" data-e-type=\"widget\" data-widget_type=\"image.default\">\n\t\t\t\t<div class=\"elementor-widget-container\">\n\t\t\t\t\t\t\t\t\t\t\t\t\t\t\t<img loading=\"lazy\" decoding=\"async\" width=\"693\" height=\"929\" src=\"https:\/\/www.parrocchiamontelupone.it\/wp-content\/uploads\/2024\/09\/Fig.1.PittoredelXVIIsecoloAnnunciazionedaFedericoBarocciMonteluponechiesadiSantaChiarariproduzionedellautore.jpg\" class=\"attachment-large size-large wp-image-2220\" alt=\"\" srcset=\"https:\/\/www.parrocchiamontelupone.it\/wp-content\/uploads\/2024\/09\/Fig.1.PittoredelXVIIsecoloAnnunciazionedaFedericoBarocciMonteluponechiesadiSantaChiarariproduzionedellautore.jpg 693w, https:\/\/www.parrocchiamontelupone.it\/wp-content\/uploads\/2024\/09\/Fig.1.PittoredelXVIIsecoloAnnunciazionedaFedericoBarocciMonteluponechiesadiSantaChiarariproduzionedellautore-224x300.jpg 224w\" sizes=\"(max-width: 693px) 100vw, 693px\" \/>\t\t\t\t\t\t\t\t\t\t\t\t\t\t\t<\/div>\n\t\t\t\t<\/div>\n\t\t\t\t<\/div>\n\t\t<div class=\"elementor-element elementor-element-787a96a e-con-full e-flex e-con e-child\" data-id=\"787a96a\" data-element_type=\"container\" data-e-type=\"container\">\n\t\t\t\t<div class=\"elementor-element elementor-element-7242a23 elementor-widget elementor-widget-image\" data-id=\"7242a23\" data-element_type=\"widget\" data-e-type=\"widget\" data-widget_type=\"image.default\">\n\t\t\t\t<div class=\"elementor-widget-container\">\n\t\t\t\t\t\t\t\t\t\t\t\t\t\t\t<img loading=\"lazy\" decoding=\"async\" width=\"720\" height=\"664\" src=\"https:\/\/www.parrocchiamontelupone.it\/wp-content\/uploads\/2024\/09\/Fig.5.OnofrioGabrieliLaVergineImmacolataeilBambinoGesuconsantaChiarasanGiovanniEvangelistaesanNicoladiBariMonteluponechiesadiS-r.jpg\" class=\"attachment-large size-large wp-image-2221\" alt=\"\" srcset=\"https:\/\/www.parrocchiamontelupone.it\/wp-content\/uploads\/2024\/09\/Fig.5.OnofrioGabrieliLaVergineImmacolataeilBambinoGesuconsantaChiarasanGiovanniEvangelistaesanNicoladiBariMonteluponechiesadiS-r.jpg 997w, https:\/\/www.parrocchiamontelupone.it\/wp-content\/uploads\/2024\/09\/Fig.5.OnofrioGabrieliLaVergineImmacolataeilBambinoGesuconsantaChiarasanGiovanniEvangelistaesanNicoladiBariMonteluponechiesadiS-r-300x277.jpg 300w, https:\/\/www.parrocchiamontelupone.it\/wp-content\/uploads\/2024\/09\/Fig.5.OnofrioGabrieliLaVergineImmacolataeilBambinoGesuconsantaChiarasanGiovanniEvangelistaesanNicoladiBariMonteluponechiesadiS-r-768x709.jpg 768w\" sizes=\"(max-width: 720px) 100vw, 720px\" \/>\t\t\t\t\t\t\t\t\t\t\t\t\t\t\t<\/div>\n\t\t\t\t<\/div>\n\t\t\t\t<\/div>\n\t\t\t\t\t<\/div>\n\t\t\t\t<\/div>\n\t\t<div class=\"elementor-element elementor-element-4dfb918 e-con-full e-flex e-con e-parent\" data-id=\"4dfb918\" data-element_type=\"container\" data-e-type=\"container\">\n\t\t\t\t<div class=\"elementor-element elementor-element-a4ed317 elementor-widget elementor-widget-image\" data-id=\"a4ed317\" data-element_type=\"widget\" data-e-type=\"widget\" data-widget_type=\"image.default\">\n\t\t\t\t<div class=\"elementor-widget-container\">\n\t\t\t\t\t\t\t\t\t\t\t\t\t\t\t<img loading=\"lazy\" decoding=\"async\" width=\"720\" height=\"281\" src=\"https:\/\/www.parrocchiamontelupone.it\/wp-content\/uploads\/2024\/09\/20230424_112818r-duje-1024x399.jpg\" class=\"attachment-large size-large wp-image-2223\" alt=\"\" srcset=\"https:\/\/www.parrocchiamontelupone.it\/wp-content\/uploads\/2024\/09\/20230424_112818r-duje-1024x399.jpg 1024w, https:\/\/www.parrocchiamontelupone.it\/wp-content\/uploads\/2024\/09\/20230424_112818r-duje-300x117.jpg 300w, https:\/\/www.parrocchiamontelupone.it\/wp-content\/uploads\/2024\/09\/20230424_112818r-duje-768x299.jpg 768w, https:\/\/www.parrocchiamontelupone.it\/wp-content\/uploads\/2024\/09\/20230424_112818r-duje-1536x598.jpg 1536w, https:\/\/www.parrocchiamontelupone.it\/wp-content\/uploads\/2024\/09\/20230424_112818r-duje.jpg 1725w\" sizes=\"(max-width: 720px) 100vw, 720px\" \/>\t\t\t\t\t\t\t\t\t\t\t\t\t\t\t<\/div>\n\t\t\t\t<\/div>\n\t\t\t\t<\/div>\n\t\t<div class=\"elementor-element elementor-element-429c172 e-flex e-con-boxed e-con e-parent\" data-id=\"429c172\" data-element_type=\"container\" data-e-type=\"container\">\n\t\t\t\t\t<div class=\"e-con-inner\">\n\t\t\t\t<div class=\"elementor-element elementor-element-8394091 elementor-align-center elementor-widget elementor-widget-button\" data-id=\"8394091\" data-element_type=\"widget\" data-e-type=\"widget\" data-widget_type=\"button.default\">\n\t\t\t\t<div class=\"elementor-widget-container\">\n\t\t\t\t\t\t\t\t\t<div class=\"elementor-button-wrapper\">\n\t\t\t\t\t<a class=\"elementor-button elementor-button-link elementor-size-sm\" href=\"\">\n\t\t\t\t\t\t<span class=\"elementor-button-content-wrapper\">\n\t\t\t\t\t\t\t\t\t<span class=\"elementor-button-text\">APPROFONDIMENTI<\/span>\n\t\t\t\t\t<\/span>\n\t\t\t\t\t<\/a>\n\t\t\t\t<\/div>\n\t\t\t\t\t\t\t\t<\/div>\n\t\t\t\t<\/div>\n\t\t\t\t\t<\/div>\n\t\t\t\t<\/div>\n\t\t<div class=\"elementor-element elementor-element-de0f7c7 e-flex e-con-boxed e-con e-parent\" data-id=\"de0f7c7\" data-element_type=\"container\" data-e-type=\"container\">\n\t\t\t\t\t<div class=\"e-con-inner\">\n\t\t\t\t<div class=\"elementor-element elementor-element-7c1e8f6 elementor-align-left elementor-widget elementor-widget-button\" data-id=\"7c1e8f6\" data-element_type=\"widget\" data-e-type=\"widget\" data-widget_type=\"button.default\">\n\t\t\t\t<div class=\"elementor-widget-container\">\n\t\t\t\t\t\t\t\t\t<div class=\"elementor-button-wrapper\">\n\t\t\t\t\t<a class=\"elementor-button elementor-button-link elementor-size-sm\" href=\"https:\/\/www.parrocchiamontelupone.it\/\">\n\t\t\t\t\t\t<span class=\"elementor-button-content-wrapper\">\n\t\t\t\t\t\t\t\t\t<span class=\"elementor-button-text\">HOME<\/span>\n\t\t\t\t\t<\/span>\n\t\t\t\t\t<\/a>\n\t\t\t\t<\/div>\n\t\t\t\t\t\t\t\t<\/div>\n\t\t\t\t<\/div>\n\t\t\t\t\t<\/div>\n\t\t\t\t<\/div>\n\t\t\t\t<\/div>\n\t\t","protected":false},"excerpt":{"rendered":"<p>La&nbsp; comunit\u00e0 religiosa delle Clarisse&nbsp; a Montelupone risalente al 1567,&nbsp; dette origine&nbsp; alla nascita della Chiesa di Santa Chiara,&nbsp; Alla&nbsp; fine del secolo fu assegnata alle suore la stessa&nbsp; &nbsp;Chiesa&nbsp; gi\u00e0 unita alla loro casa e&nbsp; nella quale&nbsp; nel 1502 era stata istituita la Prepositura dal Cardinale Francesco Todeschini Piccolomini (elevato al soglio Pontificio nel [&hellip;]<\/p>\n","protected":false},"author":1,"featured_media":0,"parent":0,"menu_order":0,"comment_status":"closed","ping_status":"closed","template":"","meta":{"footnotes":""},"class_list":["post-2207","page","type-page","status-publish","hentry"],"_links":{"self":[{"href":"https:\/\/www.parrocchiamontelupone.it\/index.php?rest_route=\/wp\/v2\/pages\/2207","targetHints":{"allow":["GET"]}}],"collection":[{"href":"https:\/\/www.parrocchiamontelupone.it\/index.php?rest_route=\/wp\/v2\/pages"}],"about":[{"href":"https:\/\/www.parrocchiamontelupone.it\/index.php?rest_route=\/wp\/v2\/types\/page"}],"author":[{"embeddable":true,"href":"https:\/\/www.parrocchiamontelupone.it\/index.php?rest_route=\/wp\/v2\/users\/1"}],"replies":[{"embeddable":true,"href":"https:\/\/www.parrocchiamontelupone.it\/index.php?rest_route=%2Fwp%2Fv2%2Fcomments&post=2207"}],"version-history":[{"count":16,"href":"https:\/\/www.parrocchiamontelupone.it\/index.php?rest_route=\/wp\/v2\/pages\/2207\/revisions"}],"predecessor-version":[{"id":2669,"href":"https:\/\/www.parrocchiamontelupone.it\/index.php?rest_route=\/wp\/v2\/pages\/2207\/revisions\/2669"}],"wp:attachment":[{"href":"https:\/\/www.parrocchiamontelupone.it\/index.php?rest_route=%2Fwp%2Fv2%2Fmedia&parent=2207"}],"curies":[{"name":"wp","href":"https:\/\/api.w.org\/{rel}","templated":true}]}}