{"id":2100,"date":"2024-09-01T20:04:14","date_gmt":"2024-09-01T20:04:14","guid":{"rendered":"https:\/\/www.parrocchiamontelupone.it\/?page_id=2100"},"modified":"2024-09-01T21:48:08","modified_gmt":"2024-09-01T21:48:08","slug":"chiesa-di-san-vincenzo","status":"publish","type":"page","link":"https:\/\/www.parrocchiamontelupone.it\/?page_id=2100","title":{"rendered":"Chiesa di San Vincenzo"},"content":{"rendered":"\t\t<div data-elementor-type=\"wp-page\" data-elementor-id=\"2100\" class=\"elementor elementor-2100\">\n\t\t\t\t<div class=\"elementor-element elementor-element-3068013 e-con-full e-flex e-con e-parent\" data-id=\"3068013\" data-element_type=\"container\" data-e-type=\"container\">\n\t\t\t\t<div class=\"elementor-element elementor-element-fdf9ae2 elementor-widget elementor-widget-image\" data-id=\"fdf9ae2\" data-element_type=\"widget\" data-e-type=\"widget\" data-widget_type=\"image.default\">\n\t\t\t\t<div class=\"elementor-widget-container\">\n\t\t\t\t\t\t\t\t\t\t\t\t\t\t\t<img fetchpriority=\"high\" decoding=\"async\" width=\"720\" height=\"576\" src=\"https:\/\/www.parrocchiamontelupone.it\/wp-content\/uploads\/2024\/09\/IMG_2906-1-1024x819.jpg\" class=\"attachment-large size-large wp-image-2103\" alt=\"\" srcset=\"https:\/\/www.parrocchiamontelupone.it\/wp-content\/uploads\/2024\/09\/IMG_2906-1-1024x819.jpg 1024w, https:\/\/www.parrocchiamontelupone.it\/wp-content\/uploads\/2024\/09\/IMG_2906-1-300x240.jpg 300w, https:\/\/www.parrocchiamontelupone.it\/wp-content\/uploads\/2024\/09\/IMG_2906-1-768x614.jpg 768w, https:\/\/www.parrocchiamontelupone.it\/wp-content\/uploads\/2024\/09\/IMG_2906-1.jpg 1533w\" sizes=\"(max-width: 720px) 100vw, 720px\" \/>\t\t\t\t\t\t\t\t\t\t\t\t\t\t\t<\/div>\n\t\t\t\t<\/div>\n\t\t\t\t<\/div>\n\t\t<div class=\"elementor-element elementor-element-991c8bd e-con-full e-flex e-con e-parent\" data-id=\"991c8bd\" data-element_type=\"container\" data-e-type=\"container\">\n\t\t\t\t<div class=\"elementor-element elementor-element-4721927 elementor-widget elementor-widget-text-editor\" data-id=\"4721927\" data-element_type=\"widget\" data-e-type=\"widget\" data-widget_type=\"text-editor.default\">\n\t\t\t\t<div class=\"elementor-widget-container\">\n\t\t\t\t\t\t\t\t\t<p><span style=\"color: #800000;\"><strong>La Chiesa di San Vincenzo Ferreri, situata in localit\u00e0 Montenovo di Montelupone, \u00e8 situata accanto alla Villa Bonci sulla sommit\u00e0 di una collinetta. Lucia Bonci di Cupramontana, vedova del conte Isidoro Viscardi, commission\u00f2 la costruzione dell\u2019edificio in sostituzione di una pi\u00f9 piccola chiesa sita all\u2019inizio della strada dei Colli Montanari. La chiesa fu eretta senza architetto, e ne diresse la costruzione la stessa contessa Viscardi, assistita dal suo agente di campagna Benedetto Miliozzi che ne disegn\u00f2 la facciata.<\/strong><strong><br \/>Elia Bonci eredit\u00f2 la chiesa nel 1909, ide\u00f2 e realizz\u00f2 la decorazione interna, l\u2019altare e i confessionali. I lavori iniziarono nel 1934 e richiesero all\u2019incirca due anni, l\u2019inaugurazione avvenne il 16 agosto del 1936.<\/strong><\/span><\/p><p><span style=\"color: #800000;\"><strong><em>&#8220;il professore affresc\u00f2 da solo la chiesina ricoprendone interamente le pareti, l\u2019abside, parte del soffitto a botte, il tutto ripartito con ingegnosa creativit\u00e0 in opportuni scomparti tematici, citando con originalit\u00e0 personaggi ed eventi storici del momento. Ed ecco l\u2019opera della Creazione e della Redenzione alle quali fanno corona i quattro Evangelisti. Nella parete di fondo la Santa Vergine accompagnata da Santi e Angeli festanti. In evidenza le stazioni della Via Crucis racchiuse in cornici quadrilobate. La decorazione pittorica contribuisce ad armonizzare i vari soggetti. \u201cEntrando nella piccola e graziosa chiesa \u2013 \u00e8 stato scritto \u2013 si ci sente spinti non solo all\u2019ammirazione per l\u2019eccezionale lavoro, ma anche alla devozione, mentre l\u2019occhio viene attratto dalla finezza dei colori, dagli effetti di luce e da quell\u2019insieme di armonia che produce nell\u2019animo pace e serenit\u00e0\u201d (N. Biondi). Anche le pareti interne della Villa sono state dipinte dal Bonci e offrono suggestivi panorami dei Sibillini e scorci della zona\u201d (Goffredo Giachini, 31 ott. 2021 su &#8220;La Rucola&#8221;)<\/em><\/strong><\/span><\/p><p><span style=\"color: #800000;\"><strong>\u00a0La mirabile decorazione interna manifesta l\u2019apprezzamento per uno stile ricco di riferimenti eclettici alla stagione tardo-gotica, in sintonia con il gusto al quale Ludovico Seitz e Biagio Biagetti avevano improntato la decorazione delle cappelle absidali della Basilica di Loreto.<\/strong><\/span><\/p><p><span style=\"color: #800000;\"><strong>Da diversi anni\u00a0 lo stabile \u00e8 inagibile<\/strong><\/span><\/p>\t\t\t\t\t\t\t\t<\/div>\n\t\t\t\t<\/div>\n\t\t\t\t<\/div>\n\t\t<div class=\"elementor-element elementor-element-00d400a e-flex e-con-boxed e-con e-parent\" data-id=\"00d400a\" data-element_type=\"container\" data-e-type=\"container\">\n\t\t\t\t\t<div class=\"e-con-inner\">\n\t\t<div class=\"elementor-element elementor-element-4a3e130 e-con-full e-flex e-con e-child\" data-id=\"4a3e130\" data-element_type=\"container\" data-e-type=\"container\">\n\t\t\t\t<div class=\"elementor-element elementor-element-2c895df elementor-widget elementor-widget-image\" data-id=\"2c895df\" data-element_type=\"widget\" data-e-type=\"widget\" data-widget_type=\"image.default\">\n\t\t\t\t<div class=\"elementor-widget-container\">\n\t\t\t\t\t\t\t\t\t\t\t\t\t\t\t<img decoding=\"async\" width=\"255\" height=\"384\" src=\"https:\/\/www.parrocchiamontelupone.it\/wp-content\/uploads\/2024\/09\/73643-1.jpg\" class=\"attachment-large size-large wp-image-2101\" alt=\"\" srcset=\"https:\/\/www.parrocchiamontelupone.it\/wp-content\/uploads\/2024\/09\/73643-1.jpg 255w, https:\/\/www.parrocchiamontelupone.it\/wp-content\/uploads\/2024\/09\/73643-1-199x300.jpg 199w\" sizes=\"(max-width: 255px) 100vw, 255px\" \/>\t\t\t\t\t\t\t\t\t\t\t\t\t\t\t<\/div>\n\t\t\t\t<\/div>\n\t\t\t\t<\/div>\n\t\t<div class=\"elementor-element elementor-element-a7d44fd e-con-full e-flex e-con e-child\" data-id=\"a7d44fd\" data-element_type=\"container\" data-e-type=\"container\">\n\t\t\t\t<div class=\"elementor-element elementor-element-3832338 elementor-widget__width-initial elementor-widget elementor-widget-image\" data-id=\"3832338\" data-element_type=\"widget\" data-e-type=\"widget\" data-widget_type=\"image.default\">\n\t\t\t\t<div class=\"elementor-widget-container\">\n\t\t\t\t\t\t\t\t\t\t\t\t\t\t\t<img decoding=\"async\" width=\"720\" height=\"480\" src=\"https:\/\/www.parrocchiamontelupone.it\/wp-content\/uploads\/2024\/09\/IMG_1042-1-1024x683.jpg\" class=\"attachment-large size-large wp-image-2113\" alt=\"\" srcset=\"https:\/\/www.parrocchiamontelupone.it\/wp-content\/uploads\/2024\/09\/IMG_1042-1-1024x683.jpg 1024w, https:\/\/www.parrocchiamontelupone.it\/wp-content\/uploads\/2024\/09\/IMG_1042-1-300x200.jpg 300w, https:\/\/www.parrocchiamontelupone.it\/wp-content\/uploads\/2024\/09\/IMG_1042-1-768x512.jpg 768w, https:\/\/www.parrocchiamontelupone.it\/wp-content\/uploads\/2024\/09\/IMG_1042-1-1536x1024.jpg 1536w, https:\/\/www.parrocchiamontelupone.it\/wp-content\/uploads\/2024\/09\/IMG_1042-1.jpg 1680w\" sizes=\"(max-width: 720px) 100vw, 720px\" \/>\t\t\t\t\t\t\t\t\t\t\t\t\t\t\t<\/div>\n\t\t\t\t<\/div>\n\t\t\t\t<\/div>\n\t\t\t\t\t<\/div>\n\t\t\t\t<\/div>\n\t\t<div class=\"elementor-element elementor-element-5e7545d e-flex e-con-boxed e-con e-parent\" data-id=\"5e7545d\" data-element_type=\"container\" data-e-type=\"container\">\n\t\t\t\t\t<div class=\"e-con-inner\">\n\t\t\t\t<div class=\"elementor-element elementor-element-79c7ec9 elementor-button-success elementor-align-center elementor-widget elementor-widget-button\" data-id=\"79c7ec9\" data-element_type=\"widget\" data-e-type=\"widget\" data-widget_type=\"button.default\">\n\t\t\t\t<div class=\"elementor-widget-container\">\n\t\t\t\t\t\t\t\t\t<div class=\"elementor-button-wrapper\">\n\t\t\t\t\t<a class=\"elementor-button elementor-button-link elementor-size-sm\" href=\"https:\/\/www.youtube.com\/watch?v=6FlBr1oQnkU&#038;t=4s\">\n\t\t\t\t\t\t<span class=\"elementor-button-content-wrapper\">\n\t\t\t\t\t\t\t\t\t<span class=\"elementor-button-text\">VIDEO<\/span>\n\t\t\t\t\t<\/span>\n\t\t\t\t\t<\/a>\n\t\t\t\t<\/div>\n\t\t\t\t\t\t\t\t<\/div>\n\t\t\t\t<\/div>\n\t\t\t\t\t<\/div>\n\t\t\t\t<\/div>\n\t\t<div class=\"elementor-element elementor-element-3df8250 e-con-full e-flex e-con e-parent\" data-id=\"3df8250\" data-element_type=\"container\" data-e-type=\"container\">\n\t\t\t\t<div class=\"elementor-element elementor-element-e29c1ad elementor-widget elementor-widget-image\" data-id=\"e29c1ad\" data-element_type=\"widget\" data-e-type=\"widget\" data-widget_type=\"image.default\">\n\t\t\t\t<div class=\"elementor-widget-container\">\n\t\t\t\t\t\t\t\t\t\t\t\t\t\t\t<img decoding=\"async\" src=\"https:\/\/www.parrocchiamontelupone.it\/wp-content\/uploads\/2024\/09\/Bonci_Chiesa_Affreschi-abb.jpeg\" title=\"\" alt=\"\" loading=\"lazy\" \/>\t\t\t\t\t\t\t\t\t\t\t\t\t\t\t<\/div>\n\t\t\t\t<\/div>\n\t\t\t\t<\/div>\n\t\t<div class=\"elementor-element elementor-element-35c00ac e-con-full e-flex e-con e-parent\" data-id=\"35c00ac\" data-element_type=\"container\" data-e-type=\"container\">\n\t\t\t\t<div class=\"elementor-element elementor-element-1a66d67 elementor-widget elementor-widget-image\" data-id=\"1a66d67\" data-element_type=\"widget\" data-e-type=\"widget\" data-widget_type=\"image.default\">\n\t\t\t\t<div class=\"elementor-widget-container\">\n\t\t\t\t\t\t\t\t\t\t\t\t\t\t\t<img loading=\"lazy\" decoding=\"async\" width=\"640\" height=\"286\" src=\"https:\/\/www.parrocchiamontelupone.it\/wp-content\/uploads\/2024\/09\/chiesasanvincenzo.jpg\" class=\"attachment-large size-large wp-image-2112\" alt=\"\" srcset=\"https:\/\/www.parrocchiamontelupone.it\/wp-content\/uploads\/2024\/09\/chiesasanvincenzo.jpg 640w, https:\/\/www.parrocchiamontelupone.it\/wp-content\/uploads\/2024\/09\/chiesasanvincenzo-300x134.jpg 300w\" sizes=\"(max-width: 640px) 100vw, 640px\" \/>\t\t\t\t\t\t\t\t\t\t\t\t\t\t\t<\/div>\n\t\t\t\t<\/div>\n\t\t\t\t<\/div>\n\t\t<div class=\"elementor-element elementor-element-25ea2b5 e-flex e-con-boxed e-con e-parent\" data-id=\"25ea2b5\" data-element_type=\"container\" data-e-type=\"container\">\n\t\t\t\t\t<div class=\"e-con-inner\">\n\t\t\t\t<div class=\"elementor-element elementor-element-10e23f6 elementor-align-center elementor-widget elementor-widget-button\" data-id=\"10e23f6\" data-element_type=\"widget\" data-e-type=\"widget\" data-widget_type=\"button.default\">\n\t\t\t\t<div class=\"elementor-widget-container\">\n\t\t\t\t\t\t\t\t\t<div class=\"elementor-button-wrapper\">\n\t\t\t\t\t<a class=\"elementor-button elementor-button-link elementor-size-sm\" href=\"https:\/\/www.parrocchiamontelupone.it\/\">\n\t\t\t\t\t\t<span class=\"elementor-button-content-wrapper\">\n\t\t\t\t\t\t\t\t\t<span class=\"elementor-button-text\">HOME<\/span>\n\t\t\t\t\t<\/span>\n\t\t\t\t\t<\/a>\n\t\t\t\t<\/div>\n\t\t\t\t\t\t\t\t<\/div>\n\t\t\t\t<\/div>\n\t\t\t\t\t<\/div>\n\t\t\t\t<\/div>\n\t\t\t\t<\/div>\n\t\t","protected":false},"excerpt":{"rendered":"<p>La Chiesa di San Vincenzo Ferreri, situata in localit\u00e0 Montenovo di Montelupone, \u00e8 situata accanto alla Villa Bonci sulla sommit\u00e0 di una collinetta. Lucia Bonci di Cupramontana, vedova del conte Isidoro Viscardi, commission\u00f2 la costruzione dell\u2019edificio in sostituzione di una pi\u00f9 piccola chiesa sita all\u2019inizio della strada dei Colli Montanari. La chiesa fu eretta senza [&hellip;]<\/p>\n","protected":false},"author":1,"featured_media":0,"parent":0,"menu_order":0,"comment_status":"closed","ping_status":"closed","template":"","meta":{"footnotes":""},"class_list":["post-2100","page","type-page","status-publish","hentry"],"_links":{"self":[{"href":"https:\/\/www.parrocchiamontelupone.it\/index.php?rest_route=\/wp\/v2\/pages\/2100","targetHints":{"allow":["GET"]}}],"collection":[{"href":"https:\/\/www.parrocchiamontelupone.it\/index.php?rest_route=\/wp\/v2\/pages"}],"about":[{"href":"https:\/\/www.parrocchiamontelupone.it\/index.php?rest_route=\/wp\/v2\/types\/page"}],"author":[{"embeddable":true,"href":"https:\/\/www.parrocchiamontelupone.it\/index.php?rest_route=\/wp\/v2\/users\/1"}],"replies":[{"embeddable":true,"href":"https:\/\/www.parrocchiamontelupone.it\/index.php?rest_route=%2Fwp%2Fv2%2Fcomments&post=2100"}],"version-history":[{"count":20,"href":"https:\/\/www.parrocchiamontelupone.it\/index.php?rest_route=\/wp\/v2\/pages\/2100\/revisions"}],"predecessor-version":[{"id":2145,"href":"https:\/\/www.parrocchiamontelupone.it\/index.php?rest_route=\/wp\/v2\/pages\/2100\/revisions\/2145"}],"wp:attachment":[{"href":"https:\/\/www.parrocchiamontelupone.it\/index.php?rest_route=%2Fwp%2Fv2%2Fmedia&parent=2100"}],"curies":[{"name":"wp","href":"https:\/\/api.w.org\/{rel}","templated":true}]}}