{"id":1342,"date":"2024-03-04T21:56:23","date_gmt":"2024-03-04T21:56:23","guid":{"rendered":"https:\/\/www.parrocchiamontelupone.it\/?page_id=1342"},"modified":"2025-03-20T13:32:03","modified_gmt":"2025-03-20T13:32:03","slug":"premio-san-firmano","status":"publish","type":"page","link":"https:\/\/www.parrocchiamontelupone.it\/?page_id=1342","title":{"rendered":"PREMIO SAN FIRMANO"},"content":{"rendered":"\t\t<div data-elementor-type=\"wp-page\" data-elementor-id=\"1342\" class=\"elementor elementor-1342\">\n\t\t\t\t<div class=\"elementor-element elementor-element-5964199 e-con-full e-flex e-con e-parent\" data-id=\"5964199\" data-element_type=\"container\" data-e-type=\"container\">\n\t\t\t\t<div class=\"elementor-element elementor-element-9f822d1 elementor-widget elementor-widget-image\" data-id=\"9f822d1\" data-element_type=\"widget\" data-e-type=\"widget\" data-widget_type=\"image.default\">\n\t\t\t\t<div class=\"elementor-widget-container\">\n\t\t\t\t\t\t\t\t\t\t\t\t\t\t\t<img fetchpriority=\"high\" decoding=\"async\" width=\"720\" height=\"540\" src=\"https:\/\/www.parrocchiamontelupone.it\/wp-content\/uploads\/2025\/03\/titolo-1024x768.jpg\" class=\"attachment-large size-large wp-image-3094\" alt=\"\" srcset=\"https:\/\/www.parrocchiamontelupone.it\/wp-content\/uploads\/2025\/03\/titolo-1024x768.jpg 1024w, https:\/\/www.parrocchiamontelupone.it\/wp-content\/uploads\/2025\/03\/titolo-300x225.jpg 300w, https:\/\/www.parrocchiamontelupone.it\/wp-content\/uploads\/2025\/03\/titolo-768x576.jpg 768w, https:\/\/www.parrocchiamontelupone.it\/wp-content\/uploads\/2025\/03\/titolo.jpg 1509w\" sizes=\"(max-width: 720px) 100vw, 720px\" \/>\t\t\t\t\t\t\t\t\t\t\t\t\t\t\t<\/div>\n\t\t\t\t<\/div>\n\t\t\t\t<\/div>\n\t\t<div class=\"elementor-element elementor-element-0761f1e e-con-full e-flex e-con e-parent\" data-id=\"0761f1e\" data-element_type=\"container\" data-e-type=\"container\">\n\t\t\t\t<div class=\"elementor-element elementor-element-2808682 elementor-widget elementor-widget-text-editor\" data-id=\"2808682\" data-element_type=\"widget\" data-e-type=\"widget\" data-widget_type=\"text-editor.default\">\n\t\t\t\t<div class=\"elementor-widget-container\">\n\t\t\t\t\t\t\t\t\t<p><span style=\"color: #000000;\"><strong><b>A Don Armando Senigagliesi il\u00a0 commosso riconoscimento con il Premio San Firmano<\/b><\/strong><\/span><\/p><p><span style=\"color: #000000;\">Montelupone ha celebrato con profonda emozione l&#8217;undicesima edizione del Premio San Firmano, un appuntamento ormai consolidato che rende omaggio a figure di spicco della comunit\u00e0 locale. L&#8217;evento si \u00e8 svolto domenica 9 marzo presso l&#8217;Abbazia di San Firmano e ha richiamato\u00a0 un numeroso pubblico, tra cui studiosi e autorit\u00e0.<\/span><\/p><p><span style=\"color: #000000;\">Il prestigioso riconoscimento \u00e8 stato conferito a <b>Don Armando Senigagliesi<\/b>, storico parroco della frazione di Montelupone, amato e rispettato per la sua umilt\u00e0, tenacia e dedizione alla comunit\u00e0. Alla cerimonia erano presenti, tra gli altri, il Sindaco di Montelupone, Rolando Pecora, e Monsignor Pietro Spernanzoni, che ha tenuto una toccante e approfondita commemorazione in ricordo di Don Armando.<\/span><\/p><p><span style=\"color: #000000;\">Nel suo intervento, <b>Monsignor Spernanzoni <\/b><i>(foto sotto) <\/i>ha tracciato un ritratto intenso e vivido del sacerdote, ripercorrendo le tappe salienti del suo ministero: dagli studi al Seminario Romano alla laurea presso la Pontificia Universit\u00e0 Lateranense, fino alla sua nomina a parroco di San Firmano nell\u2019ottobre del 1964, nel pieno svolgimento del Concilio Vaticano II. Da allora, per quasi 48 anni, fino alla sua scomparsa nel 2012, Don Armando ha dedicato la sua vita alla valorizzazione dell&#8217;Abbazia, curandone ogni aspetto con passione e dedizione. Tra le sue iniziative pi\u00f9 significative si ricordano il restauro della cripta e del pavimento, la creazione di un nuovo altare, il consolidamento del tetto e della facciata e la pubblicazione di diverse guide storiche sull&#8217;Abbazia.<\/span><\/p><p><span style=\"color: #000000;\">&#8220;La devozione di Don Armando per San Firmano \u2013 patrono di Montelupone \u2013 ha segnato profondamente il suo cammino sacerdotale&#8221;, ha sottolineato Monsignor Spernanzoni. Attraverso lo studio della vita del Santo (nato nel 951 e morto l\u201911 marzo 992), ha riportato alla luce documenti inediti e contribuito alla diffusione della sua storia. Un momento cruciale della sua ricerca fu la scoperta, nel 1997, di un antico manoscritto contenente la <em><i>Vita vel Miracula Beati Firmani Confessoris et Abbatis<\/i><\/em>, il cui confronto con gli approfondimenti di Don Federico Corrubolo si \u00e8 rivelato fondamentale per una nuova comprensione della figura del Santo.<\/span><\/p><p><span style=\"color: #000000;\">Ma Don Armando non \u00e8 stato solo un fervente studioso e un uomo di vasta cultura: il suo ruolo nella comunit\u00e0 \u00e8 stato di primaria importanza. Con instancabile dedizione e uno spirito schietto e concreto, ha svolto il proprio ministero sacerdotale diventando un punto di riferimento essenziale per la popolazione e impegnandosi attivamente per il miglioramento delle infrastrutture della frazione e il benessere dei suoi abitanti.\u00a0<\/span><\/p><p><span style=\"color: #000000;\">Era sempre disponibile a offrire aiuto: impartiva ripetizioni ai ragazzi, accompagnava gli anziani dal medico o a riscuotere la pensione, si occupava di pratiche burocratiche. Ma, soprattutto \u2013 <b>ricorda Don Pietro<\/b> \u2013 \u00e8 stato il portavoce delle istanze degli abitanti della frazione presso il Comune. Tra i suoi successi si annovera la realizzazione, in pochi mesi, del ponte sul fiume Potenza nel 1972, che permise alla comunit\u00e0 di San Firmano di superare l&#8217;isolamento causato dalla piena che aveva distrutto la vecchia passerella.<\/span><\/p><p><span style=\"color: #000000;\">Nel corso della cerimonia, il Sindaco Rolando Pecora ha descritto Don Armando come &#8220;un sacerdote umile, tenace, servitore della comunit\u00e0, amante appassionato di San Firmano e dell&#8217;Abbazia&#8221;, parole che sintetizzano perfettamente l&#8217;eredit\u00e0 lasciata da questo straordinario parroco, capace di unire fede, cultura e impegno sociale.<\/span><\/p><p><span style=\"color: #000000;\">Il Premio San Firmano 2025 si \u00e8 cos\u00ec trasformato non solo in un\u2019occasione per onorare la memoria di Don Armando, ma anche in un&#8217;opportunit\u00e0 per rinnovare l&#8217;impegno della comunit\u00e0 nella tutela e valorizzazione del patrimonio storico e spirituale di Montelupone. Un tributo sentito e doveroso a un sacerdote che ha dedicato la propria vita al servizio degli altri, sempre attento ai bisogni della sua gente e instancabile custode delle radici della fede.<\/span><\/p>\t\t\t\t\t\t\t\t<\/div>\n\t\t\t\t<\/div>\n\t\t\t\t<\/div>\n\t\t<div class=\"elementor-element elementor-element-bcf9f37 e-flex e-con-boxed e-con e-parent\" data-id=\"bcf9f37\" data-element_type=\"container\" data-e-type=\"container\">\n\t\t\t\t\t<div class=\"e-con-inner\">\n\t\t\t\t<div class=\"elementor-element elementor-element-8ff1f7a elementor-widget elementor-widget-image\" data-id=\"8ff1f7a\" data-element_type=\"widget\" data-e-type=\"widget\" data-widget_type=\"image.default\">\n\t\t\t\t<div class=\"elementor-widget-container\">\n\t\t\t\t\t\t\t\t\t\t\t\t\t\t\t<img decoding=\"async\" width=\"385\" height=\"608\" src=\"https:\/\/www.parrocchiamontelupone.it\/wp-content\/uploads\/2025\/03\/commemorazione.jpg\" class=\"attachment-large size-large wp-image-3119\" alt=\"\" srcset=\"https:\/\/www.parrocchiamontelupone.it\/wp-content\/uploads\/2025\/03\/commemorazione.jpg 385w, https:\/\/www.parrocchiamontelupone.it\/wp-content\/uploads\/2025\/03\/commemorazione-190x300.jpg 190w\" sizes=\"(max-width: 385px) 100vw, 385px\" \/>\t\t\t\t\t\t\t\t\t\t\t\t\t\t\t<\/div>\n\t\t\t\t<\/div>\n\t\t\t\t\t<\/div>\n\t\t\t\t<\/div>\n\t\t<div class=\"elementor-element elementor-element-298451e e-flex e-con-boxed e-con e-parent\" data-id=\"298451e\" data-element_type=\"container\" data-e-type=\"container\">\n\t\t\t\t\t<div class=\"e-con-inner\">\n\t\t\t\t<div class=\"elementor-element elementor-element-91365dd elementor-widget elementor-widget-text-editor\" data-id=\"91365dd\" data-element_type=\"widget\" data-e-type=\"widget\" data-widget_type=\"text-editor.default\">\n\t\t\t\t<div class=\"elementor-widget-container\">\n\t\t\t\t\t\t\t\t\t<h3 style=\"text-align: center;\"><span style=\"color: #000080;\">IN RICORDO DI DON ARMANDO SENIGAGLIESI<\/span><\/h3>\t\t\t\t\t\t\t\t<\/div>\n\t\t\t\t<\/div>\n\t\t\t\t\t<\/div>\n\t\t\t\t<\/div>\n\t\t<div class=\"elementor-element elementor-element-9f4a3bb e-flex e-con-boxed e-con e-parent\" data-id=\"9f4a3bb\" data-element_type=\"container\" data-e-type=\"container\">\n\t\t\t\t\t<div class=\"e-con-inner\">\n\t\t\t\t<div class=\"elementor-element elementor-element-f7fa257 elementor-widget elementor-widget-image\" data-id=\"f7fa257\" data-element_type=\"widget\" data-e-type=\"widget\" data-widget_type=\"image.default\">\n\t\t\t\t<div class=\"elementor-widget-container\">\n\t\t\t\t\t\t\t\t\t\t\t\t\t\t\t<img decoding=\"async\" width=\"419\" height=\"419\" src=\"https:\/\/www.parrocchiamontelupone.it\/wp-content\/uploads\/2025\/02\/compo-1.jpg\" class=\"attachment-large size-large wp-image-2941\" alt=\"\" srcset=\"https:\/\/www.parrocchiamontelupone.it\/wp-content\/uploads\/2025\/02\/compo-1.jpg 419w, https:\/\/www.parrocchiamontelupone.it\/wp-content\/uploads\/2025\/02\/compo-1-300x300.jpg 300w, https:\/\/www.parrocchiamontelupone.it\/wp-content\/uploads\/2025\/02\/compo-1-150x150.jpg 150w\" sizes=\"(max-width: 419px) 100vw, 419px\" \/>\t\t\t\t\t\t\t\t\t\t\t\t\t\t\t<\/div>\n\t\t\t\t<\/div>\n\t\t\t\t\t<\/div>\n\t\t\t\t<\/div>\n\t\t<div class=\"elementor-element elementor-element-b6c7ee7 e-flex e-con-boxed e-con e-parent\" data-id=\"b6c7ee7\" data-element_type=\"container\" data-e-type=\"container\">\n\t\t\t\t\t<div class=\"e-con-inner\">\n\t\t\t\t<div class=\"elementor-element elementor-element-3a51ebf elementor-widget elementor-widget-image\" data-id=\"3a51ebf\" data-element_type=\"widget\" data-e-type=\"widget\" data-widget_type=\"image.default\">\n\t\t\t\t<div class=\"elementor-widget-container\">\n\t\t\t\t\t\t\t\t\t\t\t\t\t\t\t<img loading=\"lazy\" decoding=\"async\" width=\"700\" height=\"419\" src=\"https:\/\/www.parrocchiamontelupone.it\/wp-content\/uploads\/2025\/02\/compo-2.jpg\" class=\"attachment-large size-large wp-image-2942\" alt=\"\" srcset=\"https:\/\/www.parrocchiamontelupone.it\/wp-content\/uploads\/2025\/02\/compo-2.jpg 700w, https:\/\/www.parrocchiamontelupone.it\/wp-content\/uploads\/2025\/02\/compo-2-300x180.jpg 300w\" sizes=\"(max-width: 700px) 100vw, 700px\" \/>\t\t\t\t\t\t\t\t\t\t\t\t\t\t\t<\/div>\n\t\t\t\t<\/div>\n\t\t\t\t\t<\/div>\n\t\t\t\t<\/div>\n\t\t<div class=\"elementor-element elementor-element-fbe59b7 e-flex e-con-boxed e-con e-parent\" data-id=\"fbe59b7\" data-element_type=\"container\" data-e-type=\"container\" data-settings=\"{&quot;background_background&quot;:&quot;classic&quot;}\">\n\t\t\t\t\t<div class=\"e-con-inner\">\n\t\t<div class=\"elementor-element elementor-element-8cc760b e-con-full e-flex e-con e-child\" data-id=\"8cc760b\" data-element_type=\"container\" data-e-type=\"container\">\n\t\t\t\t<div class=\"elementor-element elementor-element-2227e6a elementor-widget elementor-widget-text-editor\" data-id=\"2227e6a\" data-element_type=\"widget\" data-e-type=\"widget\" data-widget_type=\"text-editor.default\">\n\t\t\t\t<div class=\"elementor-widget-container\">\n\t\t\t\t\t\t\t\t\t<h4><br><\/h4>\n<h4>Don Armando Senigagliesi &#8211; Parroco dal 1964 al 2012 &#8211;&nbsp; racconta le vicende storico &#8211; artistiche dell&#8217;Abbazia&nbsp; VIDEO<\/h4>\t\t\t\t\t\t\t\t<\/div>\n\t\t\t\t<\/div>\n\t\t\t\t<\/div>\n\t\t<div class=\"elementor-element elementor-element-743129b e-con-full e-flex e-con e-child\" data-id=\"743129b\" data-element_type=\"container\" data-e-type=\"container\">\n\t\t\t\t<div class=\"elementor-element elementor-element-f00d5d4 elementor-widget elementor-widget-video\" data-id=\"f00d5d4\" data-element_type=\"widget\" data-e-type=\"widget\" data-settings=\"{&quot;youtube_url&quot;:&quot;https:\\\/\\\/www.youtube.com\\\/watch?v=sCUWXcE9MsM&quot;,&quot;video_type&quot;:&quot;youtube&quot;,&quot;controls&quot;:&quot;yes&quot;}\" data-widget_type=\"video.default\">\n\t\t\t\t<div class=\"elementor-widget-container\">\n\t\t\t\t\t\t\t<div class=\"elementor-wrapper elementor-open-inline\">\n\t\t\t<div class=\"elementor-video\"><\/div>\t\t<\/div>\n\t\t\t\t\t\t<\/div>\n\t\t\t\t<\/div>\n\t\t\t\t<\/div>\n\t\t\t\t\t<\/div>\n\t\t\t\t<\/div>\n\t\t<div class=\"elementor-element elementor-element-ac0e6ae e-flex e-con-boxed e-con e-parent\" data-id=\"ac0e6ae\" data-element_type=\"container\" data-e-type=\"container\">\n\t\t\t\t\t<div class=\"e-con-inner\">\n\t\t\t\t<div class=\"elementor-element elementor-element-43e3e7d elementor-align-left elementor-widget elementor-widget-button\" data-id=\"43e3e7d\" data-element_type=\"widget\" data-e-type=\"widget\" data-widget_type=\"button.default\">\n\t\t\t\t<div class=\"elementor-widget-container\">\n\t\t\t\t\t\t\t\t\t<div class=\"elementor-button-wrapper\">\n\t\t\t\t\t<a class=\"elementor-button elementor-button-link elementor-size-sm\" href=\"https:\/\/www.parrocchiamontelupone.it\/?page_id=947\" id=\"https:\/\/www.parrocchiamontelupone.it\/san-firmano\/\">\n\t\t\t\t\t\t<span class=\"elementor-button-content-wrapper\">\n\t\t\t\t\t\t\t\t\t<span class=\"elementor-button-text\">PARROCCHIA DI SAN FIRMANO<\/span>\n\t\t\t\t\t<\/span>\n\t\t\t\t\t<\/a>\n\t\t\t\t<\/div>\n\t\t\t\t\t\t\t\t<\/div>\n\t\t\t\t<\/div>\n\t\t\t\t\t<\/div>\n\t\t\t\t<\/div>\n\t\t\t\t<\/div>\n\t\t","protected":false},"excerpt":{"rendered":"<p>A Don Armando Senigagliesi il\u00a0 commosso riconoscimento con il Premio San Firmano Montelupone ha celebrato con profonda emozione l&#8217;undicesima edizione del Premio San Firmano, un appuntamento ormai consolidato che rende omaggio a figure di spicco della comunit\u00e0 locale. L&#8217;evento si \u00e8 svolto domenica 9 marzo presso l&#8217;Abbazia di San Firmano e ha richiamato\u00a0 un numeroso [&hellip;]<\/p>\n","protected":false},"author":1,"featured_media":0,"parent":0,"menu_order":0,"comment_status":"closed","ping_status":"closed","template":"","meta":{"footnotes":""},"class_list":["post-1342","page","type-page","status-publish","hentry"],"_links":{"self":[{"href":"https:\/\/www.parrocchiamontelupone.it\/index.php?rest_route=\/wp\/v2\/pages\/1342","targetHints":{"allow":["GET"]}}],"collection":[{"href":"https:\/\/www.parrocchiamontelupone.it\/index.php?rest_route=\/wp\/v2\/pages"}],"about":[{"href":"https:\/\/www.parrocchiamontelupone.it\/index.php?rest_route=\/wp\/v2\/types\/page"}],"author":[{"embeddable":true,"href":"https:\/\/www.parrocchiamontelupone.it\/index.php?rest_route=\/wp\/v2\/users\/1"}],"replies":[{"embeddable":true,"href":"https:\/\/www.parrocchiamontelupone.it\/index.php?rest_route=%2Fwp%2Fv2%2Fcomments&post=1342"}],"version-history":[{"count":69,"href":"https:\/\/www.parrocchiamontelupone.it\/index.php?rest_route=\/wp\/v2\/pages\/1342\/revisions"}],"predecessor-version":[{"id":3128,"href":"https:\/\/www.parrocchiamontelupone.it\/index.php?rest_route=\/wp\/v2\/pages\/1342\/revisions\/3128"}],"wp:attachment":[{"href":"https:\/\/www.parrocchiamontelupone.it\/index.php?rest_route=%2Fwp%2Fv2%2Fmedia&parent=1342"}],"curies":[{"name":"wp","href":"https:\/\/api.w.org\/{rel}","templated":true}]}}